{"id":8408,"date":"2025-10-22T17:27:18","date_gmt":"2025-10-22T10:27:18","guid":{"rendered":"https:\/\/huongphung.sagomedia.vn\/?post_type=product&#038;p=8408"},"modified":"2025-10-22T17:48:11","modified_gmt":"2025-10-22T10:48:11","slug":"ca-phe-dua-hoa-tan","status":"publish","type":"product","link":"https:\/\/huongphung.sagomedia.vn\/en\/ca-phe-dua-hoa-tan\/","title":{"rendered":"Coffee coconut dissolved"},"content":{"rendered":"<p data-start=\"578\" data-end=\"893\"><strong data-start=\"578\" data-end=\"600\">Coffee coconut dissolved<\/strong> l\u00e0 l\u1ef1a ch\u1ecdn l\u00fd t\u01b0\u1edfng cho nh\u1eefng ai y\u00eau th\u00edch h\u01b0\u01a1ng v\u1ecb c\u00e0 ph\u00ea \u0111\u1eadm \u0111\u00e0 k\u1ebft h\u1ee3p c\u00f9ng v\u1ecb b\u00e9o ng\u1eady t\u1ef1 nhi\u00ean c\u1ee7a d\u1eeba \u2013 m\u1ed9t \u0111\u1eb7c tr\u01b0ng tinh t\u1ebf c\u1ee7a \u1ea9m th\u1ef1c Vi\u1ec7t Nam. V\u1edbi d\u1ea1ng <strong data-start=\"765\" data-end=\"789\">b\u1ed9t h\u00f2a tan ti\u1ec7n l\u1ee3i<\/strong>, b\u1ea1n ch\u1ec9 c\u1ea7n v\u00e0i gi\u00e2y \u0111\u1ec3 c\u00f3 ngay ly c\u00e0 ph\u00ea th\u01a1m ngon chu\u1ea9n gu, d\u00f9 \u1edf nh\u00e0, v\u0103n ph\u00f2ng hay khi di chuy\u1ec3n.<\/p>\n<p data-start=\"895\" data-end=\"1303\">S\u1ea3n ph\u1ea9m \u0111\u01b0\u1ee3c l\u00e0m t\u1eeb <strong data-start=\"916\" data-end=\"947\">c\u00e0 ph\u00ea nguy\u00ean ch\u1ea5t ch\u1ecdn l\u1ecdc<\/strong>, k\u1ebft h\u1ee3p v\u1edbi <strong data-start=\"961\" data-end=\"1001\">b\u1ed9t d\u1eeba t\u1ef1 nhi\u00ean v\u00e0 s\u1eefa b\u1ed9t th\u01a1m b\u00e9o<\/strong>, mang \u0111\u1ebfn tr\u1ea3i nghi\u1ec7m h\u01b0\u01a1ng v\u1ecb h\u00e0i h\u00f2a \u2013 <strong data-start=\"1043\" data-end=\"1109\">v\u1ecb c\u00e0 ph\u00ea \u0111\u1eadm, h\u1eadu ng\u1ecdt thanh v\u00e0 m\u00f9i d\u1eeba thoang tho\u1ea3ng d\u1ec5 ch\u1ecbu<\/strong>. Kh\u00f4ng ch\u1ec9 l\u00e0 th\u1ee9c u\u1ed1ng gi\u00fap kh\u01a1i ngu\u1ed3n n\u0103ng l\u01b0\u1ee3ng m\u1ed7i s\u00e1ng, <strong data-start=\"1171\" data-end=\"1193\">c\u00e0 ph\u00ea d\u1eeba h\u00f2a tan<\/strong> c\u00f2n l\u00e0 m\u00f3n qu\u00e0 mang \u0111\u1eadm h\u01b0\u01a1ng v\u1ecb Vi\u1ec7t Nam, th\u00edch h\u1ee3p cho du kh\u00e1ch ho\u1eb7c ng\u01b0\u1eddi y\u00eau c\u00e0 ph\u00ea tr\u00ean kh\u1eafp th\u1ebf gi\u1edbi.<\/p>\n<p data-start=\"1305\" data-end=\"1564\">\u0110\u01b0\u1ee3c s\u1ea3n xu\u1ea5t tr\u00ean <strong data-start=\"1324\" data-end=\"1347\">d\u00e2y chuy\u1ec1n hi\u1ec7n \u0111\u1ea1i<\/strong>, c\u00e0 ph\u00ea d\u1eeba h\u00f2a tan \u0111\u1ea3m b\u1ea3o <strong data-start=\"1376\" data-end=\"1427\">ch\u1ea5t l\u01b0\u1ee3ng \u0111\u1ed3ng nh\u1ea5t, an to\u00e0n v\u1ec7 sinh th\u1ef1c ph\u1ea9m<\/strong> v\u00e0 gi\u1eef tr\u1ecdn h\u01b0\u01a1ng v\u1ecb t\u1ef1 nhi\u00ean. S\u1ea3n ph\u1ea9m <strong data-start=\"1468\" data-end=\"1521\">kh\u00f4ng ch\u1ee9a ch\u1ea5t b\u1ea3o qu\u1ea3n, kh\u00f4ng ph\u1ea9m m\u00e0u nh\u00e2n t\u1ea1o<\/strong>, ph\u00f9 h\u1ee3p v\u1edbi nhi\u1ec1u \u0111\u1ed1i t\u01b0\u1ee3ng ng\u01b0\u1eddi d\u00f9ng.<\/p>\n<p data-start=\"1566\" data-end=\"1737\">Ch\u1ec9 v\u1edbi m\u1ed9t g\u00f3i nh\u1ecf, b\u1ea1n c\u00f3 th\u1ec3 <strong data-start=\"1598\" data-end=\"1645\">pha n\u00f3ng c\u00f9ng n\u01b0\u1edbc s\u00f4i ho\u1eb7c pha l\u1ea1nh v\u1edbi \u0111\u00e1<\/strong>, th\u00eam ch\u00fat s\u1eefa t\u01b0\u01a1i n\u1ebfu th\u00edch \u0111\u1ec3 t\u1ea1o n\u00ean ly c\u00e0 ph\u00ea d\u1eeba m\u00e1t l\u1ea1nh, b\u00e9o th\u01a1m \u0111\u1ea7y n\u0103ng l\u01b0\u1ee3ng.<\/p>\n<p data-start=\"1739\" data-end=\"1923\"><strong data-start=\"1739\" data-end=\"1804\">C\u00e0 ph\u00ea d\u1eeba h\u00f2a tan \u2013 H\u01b0\u01a1ng v\u1ecb Vi\u1ec7t, ti\u1ec7n l\u1ee3i m\u1ecdi l\u00fac m\u1ecdi n\u01a1i.<\/strong><br data-start=\"1804\" data-end=\"1807\" \/>Th\u01b0\u1edfng th\u1ee9c ly c\u00e0 ph\u00ea d\u1eeba ng\u1ecdt ng\u00e0o, b\u00e9o th\u01a1m, \u0111\u1ec3 m\u1ed7i ng\u00e0y \u0111\u1ec1u l\u00e0 m\u1ed9t h\u00e0nh tr\u00ecnh c\u1ea3m h\u1ee9ng c\u00f9ng h\u01b0\u01a1ng v\u1ecb qu\u00ea h\u01b0\u01a1ng.<\/p>","protected":false},"excerpt":{"rendered":"<p data-start=\"246\" data-end=\"524\"><strong data-start=\"246\" data-end=\"268\">Coffee coconut dissolved<\/strong> l\u00e0 s\u1ef1 k\u1ebft h\u1ee3p ho\u00e0n h\u1ea3o gi\u1eefa <strong data-start=\"297\" data-end=\"319\">pure coffee<\/strong> and <strong data-start=\"323\" data-end=\"355\">h\u01b0\u01a1ng d\u1eeba b\u00e9o ng\u1eady \u0111\u1eb7c tr\u01b0ng<\/strong>, mang \u0111\u1ebfn h\u01b0\u01a1ng v\u1ecb \u0111\u1eadm \u0111\u00e0, th\u01a1m ng\u1ecdt, d\u1ec5 u\u1ed1ng. D\u1ea1ng h\u00f2a tan ti\u1ec7n l\u1ee3i, ch\u1ec9 c\u1ea7n cho n\u01b0\u1edbc n\u00f3ng l\u00e0 c\u00f3 ngay ly c\u00e0 ph\u00ea d\u1eeba th\u01a1m ngon, th\u00edch h\u1ee3p cho c\u1ea3 pha n\u00f3ng v\u00e0 pha l\u1ea1nh.<\/p>","protected":false},"featured_media":8420,"comment_status":"open","ping_status":"closed","template":"","meta":{"_acf_changed":false},"product_brand":[],"product_cat":[191],"product_tag":[],"class_list":{"0":"post-8408","1":"product","2":"type-product","3":"status-publish","4":"has-post-thumbnail","6":"product_cat-ca-phe-hat","8":"first","9":"instock","10":"shipping-taxable","11":"product-type-simple"},"acf":[],"_links":{"self":[{"href":"https:\/\/huongphung.sagomedia.vn\/en\/wp-json\/wp\/v2\/product\/8408","targetHints":{"allow":["GET"]}}],"collection":[{"href":"https:\/\/huongphung.sagomedia.vn\/en\/wp-json\/wp\/v2\/product"}],"about":[{"href":"https:\/\/huongphung.sagomedia.vn\/en\/wp-json\/wp\/v2\/types\/product"}],"replies":[{"embeddable":true,"href":"https:\/\/huongphung.sagomedia.vn\/en\/wp-json\/wp\/v2\/comments?post=8408"}],"wp:featuredmedia":[{"embeddable":true,"href":"https:\/\/huongphung.sagomedia.vn\/en\/wp-json\/wp\/v2\/media\/8420"}],"wp:attachment":[{"href":"https:\/\/huongphung.sagomedia.vn\/en\/wp-json\/wp\/v2\/media?parent=8408"}],"wp:term":[{"taxonomy":"product_brand","embeddable":true,"href":"https:\/\/huongphung.sagomedia.vn\/en\/wp-json\/wp\/v2\/product_brand?post=8408"},{"taxonomy":"product_cat","embeddable":true,"href":"https:\/\/huongphung.sagomedia.vn\/en\/wp-json\/wp\/v2\/product_cat?post=8408"},{"taxonomy":"product_tag","embeddable":true,"href":"https:\/\/huongphung.sagomedia.vn\/en\/wp-json\/wp\/v2\/product_tag?post=8408"}],"curies":[{"name":"wp","href":"https:\/\/api.w.org\/{rel}","templated":true}]}}