{"id":8397,"date":"2025-08-22T16:56:07","date_gmt":"2025-08-22T09:56:07","guid":{"rendered":"https:\/\/huongphung.sagomedia.vn\/may-pha-casadio-nettuno\/"},"modified":"2025-10-22T17:42:07","modified_gmt":"2025-10-22T10:42:07","slug":"may-pha-casadio-nettuno","status":"publish","type":"product","link":"https:\/\/huongphung.sagomedia.vn\/en\/may-pha-casadio-nettuno\/","title":{"rendered":"M\u00e1y pha Casadio Nettuno"},"content":{"rendered":"<p data-start=\"623\" data-end=\"1033\">Coffee machine <strong data-start=\"638\" data-end=\"665\">Casadio Nettuno 2 Group<\/strong> l\u00e0 d\u00f2ng m\u00e1y chuy\u00ean nghi\u1ec7p \u0111\u1ebfn t\u1eeb <strong data-start=\"699\" data-end=\"727\">th\u01b0\u01a1ng hi\u1ec7u \u00dd danh ti\u1ebfng<\/strong>, designed exclusively for <strong data-start=\"758\" data-end=\"820\">c\u00e1c qu\u00e1n c\u00e0 ph\u00ea, nh\u00e0 h\u00e0ng v\u00e0 chu\u1ed7i c\u1eeda h\u00e0ng c\u00e0 ph\u00ea cao c\u1ea5p<\/strong>.<br data-start=\"821\" data-end=\"824\" \/>S\u1ea3n ph\u1ea9m n\u1ed5i b\u1eadt v\u1edbi <strong data-start=\"845\" data-end=\"868\">hi\u1ec7u su\u1ea5t v\u01b0\u1ee3t tr\u1ed9i<\/strong> nh\u1edd <strong data-start=\"873\" data-end=\"892\">c\u00f4ng su\u1ea5t 3800W<\/strong> and <strong data-start=\"896\" data-end=\"923\">n\u1ed3i h\u01a1i dung t\u00edch 7 l\u00edt<\/strong>, \u0111\u1ea3m b\u1ea3o kh\u1ea3 n\u0103ng ho\u1ea1t \u0111\u1ed9ng li\u00ean t\u1ee5c, \u1ed5n \u0111\u1ecbnh, cho ra <strong data-start=\"978\" data-end=\"1007\">h\u01b0\u01a1ng v\u1ecb espresso chu\u1ea9n \u00dd<\/strong> trong t\u1eebng t\u00e1ch c\u00e0 ph\u00ea.<\/p>\n<p data-start=\"1035\" data-end=\"1343\">With <strong data-start=\"1039\" data-end=\"1055\">2 group head<\/strong> (2 c\u1ea7n pha), <strong data-start=\"1069\" data-end=\"1088\">Casadio Nettuno<\/strong> c\u00f3 th\u1ec3 ph\u1ee5c v\u1ee5 c\u00f9ng l\u00fac nhi\u1ec1u ly, \u0111\u00e1p \u1ee9ng nhu c\u1ea7u cao c\u1ee7a c\u00e1c khung gi\u1edd \u0111\u00f4ng kh\u00e1ch. M\u00e1y \u0111\u01b0\u1ee3c trang b\u1ecb <strong data-start=\"1191\" data-end=\"1221\">2 v\u00f2i \u0111\u00e1nh s\u1eefa chuy\u00ean d\u1ee5ng<\/strong> gi\u00fap t\u1ea1o b\u1ecdt s\u1eefa m\u1ecbn, v\u00e0 <strong data-start=\"1247\" data-end=\"1277\">1 v\u00f2i n\u01b0\u1edbc n\u00f3ng ri\u00eang bi\u1ec7t<\/strong>, ti\u1ec7n l\u1ee3i khi pha c\u00e1c lo\u1ea1i \u0111\u1ed3 u\u1ed1ng kh\u00e1c nh\u01b0 tr\u00e0 ho\u1eb7c americano.<\/p>\n<p data-start=\"1345\" data-end=\"1676\">Nh\u1edd <strong data-start=\"1349\" data-end=\"1388\">n\u0103ng l\u1ef1c ph\u1ee5c v\u1ee5 l\u00ean \u0111\u1ebfn 120 ly\/gi\u1edd<\/strong>, Casadio Nettuno l\u00e0 l\u1ef1a ch\u1ecdn l\u00fd t\u01b0\u1edfng cho nh\u1eefng m\u00f4 h\u00ecnh kinh doanh c\u00e0 ph\u00ea c\u00f3 s\u1ea3n l\u01b0\u1ee3ng trung b\u00ecnh \u2013 l\u1edbn.<br data-start=\"1493\" data-end=\"1496\" \/>Thi\u1ebft k\u1ebf m\u00e1y ch\u1eafc ch\u1eafn, sang tr\u1ecdng v\u1edbi <strong data-start=\"1535\" data-end=\"1555\">v\u1ecf th\u00e9p kh\u00f4ng g\u1ec9<\/strong>, b\u1ea3ng \u0111i\u1ec1u khi\u1ec3n d\u1ec5 thao t\u00e1c v\u00e0 h\u1ec7 th\u1ed1ng gia nhi\u1ec7t t\u1ed1i \u01b0u gi\u00fap duy tr\u00ec nhi\u1ec7t \u0111\u1ed9 n\u01b0\u1edbc \u1ed5n \u0111\u1ecbnh trong su\u1ed1t qu\u00e1 tr\u00ecnh pha.<\/p>\n<p data-start=\"1678\" data-end=\"1925\">K\u00edch th\u01b0\u1edbc <strong data-start=\"1689\" data-end=\"1711\">736 x 523 x 527 mm<\/strong> c\u00f9ng tr\u1ecdng l\u01b0\u1ee3ng <strong data-start=\"1729\" data-end=\"1737\">52kg<\/strong> gi\u00fap m\u00e1y v\u1eeba v\u1eb7n tr\u00ean qu\u1ea7y pha ch\u1ebf m\u00e0 v\u1eabn \u0111\u1ea3m b\u1ea3o \u0111\u1ed9 b\u1ec1n cao. V\u1edbi <strong data-start=\"1804\" data-end=\"1825\">xu\u1ea5t x\u1ee9 \u00dd (Italy)<\/strong>, Casadio Nettuno mang \u0111\u1ebfn tr\u1ea3i nghi\u1ec7m pha ch\u1ebf chuy\u00ean nghi\u1ec7p, \u1ed5n \u0111\u1ecbnh v\u00e0 phong c\u00e1ch ch\u00e2u \u00c2u tinh t\u1ebf.<\/p>","protected":false},"excerpt":{"rendered":"<p>&#8211; Model: Nettuno. 2 Group.<br \/>\n&#8211; N\u1ed3i h\u01a1i: 7 l\u00edt.<br \/>\n&#8211; Trong l\u01b0\u1ee3ng 52kg<br \/>\n&#8211; K\u00edch th\u01b0\u1edbc: 736 x 523 x 527mm<br \/>\n&#8211; C\u00f4ng su\u1ea5t: 3800W.220v<br \/>\n&#8211; 01 v\u00f2i n\u01b0\u1edbc n\u00f3ng.<br \/>\n&#8211; 02 v\u00f2i \u0111\u00e1nh s\u1eefa.<br \/>\n&#8211; N\u0103ng l\u1ef1c s\u1ea3n ph\u1ea9m: 120 ly\/h.<br \/>\n&#8211; Xu\u1ea5t x\u1ee9: \u00dd.<\/p>","protected":false},"featured_media":8396,"comment_status":"open","ping_status":"closed","template":"","meta":{"_acf_changed":false},"product_brand":[],"product_cat":[191],"product_tag":[],"class_list":{"0":"post-8397","1":"product","2":"type-product","3":"status-publish","4":"has-post-thumbnail","6":"product_cat-ca-phe-hat","8":"first","9":"instock","10":"shipping-taxable","11":"product-type-simple"},"acf":[],"_links":{"self":[{"href":"https:\/\/huongphung.sagomedia.vn\/en\/wp-json\/wp\/v2\/product\/8397","targetHints":{"allow":["GET"]}}],"collection":[{"href":"https:\/\/huongphung.sagomedia.vn\/en\/wp-json\/wp\/v2\/product"}],"about":[{"href":"https:\/\/huongphung.sagomedia.vn\/en\/wp-json\/wp\/v2\/types\/product"}],"replies":[{"embeddable":true,"href":"https:\/\/huongphung.sagomedia.vn\/en\/wp-json\/wp\/v2\/comments?post=8397"}],"wp:featuredmedia":[{"embeddable":true,"href":"https:\/\/huongphung.sagomedia.vn\/en\/wp-json\/wp\/v2\/media\/8396"}],"wp:attachment":[{"href":"https:\/\/huongphung.sagomedia.vn\/en\/wp-json\/wp\/v2\/media?parent=8397"}],"wp:term":[{"taxonomy":"product_brand","embeddable":true,"href":"https:\/\/huongphung.sagomedia.vn\/en\/wp-json\/wp\/v2\/product_brand?post=8397"},{"taxonomy":"product_cat","embeddable":true,"href":"https:\/\/huongphung.sagomedia.vn\/en\/wp-json\/wp\/v2\/product_cat?post=8397"},{"taxonomy":"product_tag","embeddable":true,"href":"https:\/\/huongphung.sagomedia.vn\/en\/wp-json\/wp\/v2\/product_tag?post=8397"}],"curies":[{"name":"wp","href":"https:\/\/api.w.org\/{rel}","templated":true}]}}