{"id":8395,"date":"2025-08-22T16:56:05","date_gmt":"2025-08-22T09:56:05","guid":{"rendered":"https:\/\/huongphung.sagomedia.vn\/may-pha-vega-pegaso\/"},"modified":"2025-10-22T17:42:11","modified_gmt":"2025-10-22T10:42:11","slug":"may-pha-vega-pegaso","status":"publish","type":"product","link":"https:\/\/huongphung.sagomedia.vn\/en\/may-pha-vega-pegaso\/","title":{"rendered":"M\u00e1y pha Vega Pegaso"},"content":{"rendered":"<p data-start=\"279\" data-end=\"632\">Coffee machine <strong data-start=\"294\" data-end=\"317\">Vega Pegaso 1 Group<\/strong> l\u00e0 d\u00f2ng m\u00e1y chuy\u00ean nghi\u1ec7p \u0111\u1ebfn t\u1eeb <strong data-start=\"351\" data-end=\"364\">\u00dd (Italy)<\/strong>, \u0111\u01b0\u1ee3c thi\u1ebft k\u1ebf d\u00e0nh ri\u00eang cho c\u00e1c <strong data-start=\"399\" data-end=\"463\">qu\u00e1n c\u00e0 ph\u00ea nh\u1ecf, nh\u00e0 h\u00e0ng ho\u1eb7c m\u00f4 h\u00ecnh pha ch\u1ebf chuy\u00ean nghi\u1ec7p<\/strong> c\u1ea7n s\u1ef1 \u1ed5n \u0111\u1ecbnh, b\u1ec1n b\u1ec9 v\u00e0 h\u01b0\u01a1ng v\u1ecb espresso chu\u1ea9n m\u1ef1c. S\u1ea3n ph\u1ea9m mang phong c\u00e1ch tinh g\u1ecdn nh\u01b0ng v\u1eabn \u0111\u1ea3m b\u1ea3o hi\u1ec7u su\u1ea5t m\u1ea1nh m\u1ebd, ph\u00f9 h\u1ee3p v\u1edbi kh\u00f4ng gian pha ch\u1ebf hi\u1ec7n \u0111\u1ea1i.<\/p>\n<p data-start=\"634\" data-end=\"997\">Vega Pegaso \u0111\u01b0\u1ee3c trang b\u1ecb <strong data-start=\"660\" data-end=\"687\">n\u1ed3i h\u01a1i dung t\u00edch 5 l\u00edt<\/strong> c\u00f9ng <strong data-start=\"693\" data-end=\"712\">c\u00f4ng su\u1ea5t 2900W<\/strong>, gi\u00fap m\u00e1y lu\u00f4n duy tr\u00ec nhi\u1ec7t \u0111\u1ed9 v\u00e0 \u00e1p su\u1ea5t \u1ed5n \u0111\u1ecbnh trong su\u1ed1t qu\u00e1 tr\u00ecnh chi\u1ebft xu\u1ea5t. \u0110i\u1ec1u n\u00e0y cho ph\u00e9p barista pha li\u00ean t\u1ee5c m\u00e0 kh\u00f4ng lo gi\u1ea3m ch\u1ea5t l\u01b0\u1ee3ng c\u00e0 ph\u00ea. M\u00e1y ho\u1ea1t \u0111\u1ed9ng v\u1edbi <strong data-start=\"890\" data-end=\"906\">\u0111i\u1ec7n \u00e1p 230V<\/strong>, ti\u1ebft ki\u1ec7m n\u0103ng l\u01b0\u1ee3ng v\u00e0 t\u01b0\u01a1ng th\u00edch v\u1edbi h\u1ea7u h\u1ebft h\u1ec7 th\u1ed1ng \u0111i\u1ec7n d\u00e2n d\u1ee5ng ho\u1eb7c th\u01b0\u01a1ng m\u1ea1i.<\/p>\n<p data-start=\"999\" data-end=\"1338\">S\u1ea3n ph\u1ea9m s\u1edf h\u1eefu <strong data-start=\"1015\" data-end=\"1031\">1 group head<\/strong> v\u1edbi kh\u1ea3 n\u0103ng ph\u1ee5c v\u1ee5 l\u00ean \u0111\u1ebfn <strong data-start=\"1061\" data-end=\"1074\">80 ly\/gi\u1edd<\/strong>, \u0111\u00e1p \u1ee9ng ho\u00e0n h\u1ea3o nhu c\u1ea7u c\u1ee7a c\u00e1c qu\u00e1n c\u00e0 ph\u00ea v\u1eeba v\u00e0 nh\u1ecf. Ngo\u00e0i ra, m\u00e1y \u0111\u01b0\u1ee3c t\u00edch h\u1ee3p <strong data-start=\"1161\" data-end=\"1179\">1 v\u00f2i \u0111\u00e1nh s\u1eefa<\/strong> gi\u00fap t\u1ea1o b\u1ecdt m\u1ecbn v\u00e0 \u0111\u1ec1u cho c\u00e1c m\u00f3n cappuccino, latte; c\u00f9ng <strong data-start=\"1240\" data-end=\"1270\">1 v\u00f2i n\u01b0\u1edbc n\u00f3ng ri\u00eang bi\u1ec7t<\/strong>, h\u1ed7 tr\u1ee3 pha tr\u00e0, americano ho\u1eb7c chocolate n\u00f3ng m\u1ed9t c\u00e1ch ti\u1ec7n l\u1ee3i.<\/p>\n<p data-start=\"1340\" data-end=\"1588\">V\u1ec1 thi\u1ebft k\u1ebf, <strong data-start=\"1353\" data-end=\"1368\">Vega Pegaso<\/strong> c\u00f3 k\u00edch th\u01b0\u1edbc <strong data-start=\"1383\" data-end=\"1405\">530 x 555 x 515 mm<\/strong> v\u00e0 tr\u1ecdng l\u01b0\u1ee3ng <strong data-start=\"1421\" data-end=\"1429\">48kg<\/strong>, \u0111\u1ea3m b\u1ea3o s\u1ef1 ch\u1eafc ch\u1eafn, c\u00e2n b\u1eb1ng khi v\u1eadn h\u00e0nh. To\u00e0n b\u1ed9 khung v\u1ecf \u0111\u01b0\u1ee3c l\u00e0m t\u1eeb <strong data-start=\"1505\" data-end=\"1522\">th\u00e9p kh\u00f4ng g\u1ec9<\/strong> v\u1edbi \u0111\u01b0\u1eddng n\u00e9t tinh t\u1ebf, sang tr\u1ecdng, d\u1ec5 v\u1ec7 sinh v\u00e0 c\u1ef1c k\u1ef3 b\u1ec1n b\u1ec9.<\/p>\n<p data-start=\"1590\" data-end=\"1831\">Nh\u1edd <strong data-start=\"1594\" data-end=\"1658\">hi\u1ec7u n\u0103ng \u1ed5n \u0111\u1ecbnh, c\u00f4ng ngh\u1ec7 gia nhi\u1ec7t chu\u1ea9n \u00dd v\u00e0 \u0111\u1ed9 b\u1ec1n cao<\/strong>, <strong data-start=\"1660\" data-end=\"1683\">Vega Pegaso 1 Group<\/strong> l\u00e0 l\u1ef1a ch\u1ecdn l\u00fd t\u01b0\u1edfng cho nh\u1eefng ai mu\u1ed1n n\u00e2ng t\u1ea7m ch\u1ea5t l\u01b0\u1ee3ng pha ch\u1ebf, mang \u0111\u1ebfn tr\u1ea3i nghi\u1ec7m c\u00e0 ph\u00ea \u0111\u1eadm \u0111\u00e0 v\u00e0 chuy\u00ean nghi\u1ec7p trong t\u1eebng t\u00e1ch espresso.<\/p>","protected":false},"excerpt":{"rendered":"<p>&#8211; Pegaso 1 group.<br \/>\n&#8211; N\u1ed3i H\u01a1i 5 Lit.<br \/>\n&#8211; \u0110i\u1ec7n \u00e1p: 230V.<br \/>\n&#8211; K\u00edch th\u01b0\u1edbc: 530 x 555 x 515mm.<br \/>\n&#8211; C\u00f4ng su\u1ea5t: 2900W.<br \/>\n&#8211; Tr\u1ecdng l\u01b0\u1ee3ng: 48kg.<br \/>\n&#8211; 01 v\u00f2i n\u01b0\u1edbc n\u00f3ng.<br \/>\n&#8211; 01 v\u00f2i \u0111\u00e1nh s\u1eefa.<br \/>\n&#8211; N\u0103ng l\u1ef1c s\u1ea3n ph\u1ea9m: 80 ly\/h<br \/>\n&#8211; Xu\u1ea5t x\u1ee9: \u00dd.<\/p>","protected":false},"featured_media":8394,"comment_status":"open","ping_status":"closed","template":"","meta":{"_acf_changed":false},"product_brand":[],"product_cat":[191],"product_tag":[],"class_list":{"0":"post-8395","1":"product","2":"type-product","3":"status-publish","4":"has-post-thumbnail","6":"product_cat-ca-phe-hat","8":"first","9":"instock","10":"shipping-taxable","11":"product-type-simple"},"acf":[],"_links":{"self":[{"href":"https:\/\/huongphung.sagomedia.vn\/en\/wp-json\/wp\/v2\/product\/8395","targetHints":{"allow":["GET"]}}],"collection":[{"href":"https:\/\/huongphung.sagomedia.vn\/en\/wp-json\/wp\/v2\/product"}],"about":[{"href":"https:\/\/huongphung.sagomedia.vn\/en\/wp-json\/wp\/v2\/types\/product"}],"replies":[{"embeddable":true,"href":"https:\/\/huongphung.sagomedia.vn\/en\/wp-json\/wp\/v2\/comments?post=8395"}],"wp:featuredmedia":[{"embeddable":true,"href":"https:\/\/huongphung.sagomedia.vn\/en\/wp-json\/wp\/v2\/media\/8394"}],"wp:attachment":[{"href":"https:\/\/huongphung.sagomedia.vn\/en\/wp-json\/wp\/v2\/media?parent=8395"}],"wp:term":[{"taxonomy":"product_brand","embeddable":true,"href":"https:\/\/huongphung.sagomedia.vn\/en\/wp-json\/wp\/v2\/product_brand?post=8395"},{"taxonomy":"product_cat","embeddable":true,"href":"https:\/\/huongphung.sagomedia.vn\/en\/wp-json\/wp\/v2\/product_cat?post=8395"},{"taxonomy":"product_tag","embeddable":true,"href":"https:\/\/huongphung.sagomedia.vn\/en\/wp-json\/wp\/v2\/product_tag?post=8395"}],"curies":[{"name":"wp","href":"https:\/\/api.w.org\/{rel}","templated":true}]}}