{"id":8393,"date":"2025-08-22T16:56:03","date_gmt":"2025-08-22T09:56:03","guid":{"rendered":"https:\/\/huongphung.sagomedia.vn\/may-pha-casadio-undici-a1\/"},"modified":"2025-10-22T17:42:14","modified_gmt":"2025-10-22T10:42:14","slug":"may-pha-casadio-undici-a1","status":"publish","type":"product","link":"https:\/\/huongphung.sagomedia.vn\/en\/may-pha-casadio-undici-a1\/","title":{"rendered":"M\u00e1y pha Casadio Undici A1"},"content":{"rendered":"<p data-start=\"284\" data-end=\"638\">Coffee machine <strong data-start=\"299\" data-end=\"320\">Casadio Undici A1<\/strong> l\u00e0 d\u00f2ng m\u00e1y pha chuy\u00ean nghi\u1ec7p \u0111\u1ebfn t\u1eeb <strong data-start=\"358\" data-end=\"371\">\u00dd (Italy)<\/strong>, n\u1ed5i b\u1eadt v\u1edbi thi\u1ebft k\u1ebf tinh g\u1ecdn, hi\u1ec7u n\u0103ng m\u1ea1nh m\u1ebd v\u00e0 \u0111\u1ed9 \u1ed5n \u0111\u1ecbnh cao. S\u1ea3n ph\u1ea9m \u0111\u01b0\u1ee3c \u01b0a chu\u1ed9ng trong c\u00e1c <strong data-start=\"475\" data-end=\"529\">qu\u00e1n c\u00e0 ph\u00ea nh\u1ecf, nh\u00e0 h\u00e0ng, kh\u00e1ch s\u1ea1n ho\u1eb7c qu\u1ea7y bar<\/strong> nh\u1edd kh\u1ea3 n\u0103ng v\u1eadn h\u00e0nh linh ho\u1ea1t v\u00e0 d\u1ec5 s\u1eed d\u1ee5ng, ph\u00f9 h\u1ee3p cho c\u1ea3 barista chuy\u00ean nghi\u1ec7p l\u1eabn ng\u01b0\u1eddi m\u1edbi b\u1eaft \u0111\u1ea7u.<\/p>\n<p data-start=\"640\" data-end=\"998\">Casadio Undici A1 \u0111\u01b0\u1ee3c trang b\u1ecb <strong data-start=\"672\" data-end=\"691\">c\u00f4ng su\u1ea5t 3300W<\/strong> c\u00f9ng <strong data-start=\"697\" data-end=\"724\">n\u1ed3i h\u01a1i dung t\u00edch 5 l\u00edt<\/strong>, gi\u00fap m\u00e1y duy tr\u00ec \u00e1p su\u1ea5t v\u00e0 nhi\u1ec7t \u0111\u1ed9 \u1ed5n \u0111\u1ecbnh trong qu\u00e1 tr\u00ecnh chi\u1ebft xu\u1ea5t, \u0111\u1ea3m b\u1ea3o m\u1ed7i shot espresso \u0111\u1ec1u \u0111\u1ea1t h\u01b0\u01a1ng v\u1ecb \u0111\u1eadm \u0111\u00e0, chu\u1ea9n \u00dd. Ho\u1ea1t \u0111\u1ed9ng v\u1edbi <strong data-start=\"873\" data-end=\"889\">\u0111i\u1ec7n \u00e1p 220V<\/strong>, m\u00e1y d\u1ec5 d\u00e0ng t\u01b0\u01a1ng th\u00edch v\u1edbi h\u1ec7 th\u1ed1ng \u0111i\u1ec7n ph\u1ed5 th\u00f4ng, ti\u1ebft ki\u1ec7m \u0111i\u1ec7n n\u0103ng m\u00e0 v\u1eabn \u0111\u1ea3m b\u1ea3o hi\u1ec7u su\u1ea5t t\u1ed1i \u0111a.<\/p>\n<p data-start=\"1000\" data-end=\"1347\">M\u00e1y c\u00f3 <strong data-start=\"1007\" data-end=\"1023\">1 group head<\/strong> (1 c\u1ea7n pha) v\u1edbi <strong data-start=\"1040\" data-end=\"1077\">n\u0103ng l\u1ef1c ph\u1ee5c v\u1ee5 kho\u1ea3ng 60 ly\/gi\u1edd<\/strong>, \u0111\u00e1p \u1ee9ng t\u1ed1t nhu c\u1ea7u c\u1ee7a qu\u00e1n c\u00e0 ph\u00ea quy m\u00f4 v\u1eeba v\u00e0 nh\u1ecf. Ngo\u00e0i ra, <strong data-start=\"1144\" data-end=\"1165\">Casadio Undici A1<\/strong> \u0111\u01b0\u1ee3c trang b\u1ecb <strong data-start=\"1180\" data-end=\"1208\">1 v\u00f2i \u0111\u00e1nh s\u1eefa (\u0111\u0169a h\u01a1i)<\/strong> gi\u00fap t\u1ea1o b\u1ecdt s\u1eefa m\u1ecbn cho cappuccino, latte v\u00e0 macchiato, c\u00f9ng <strong data-start=\"1271\" data-end=\"1301\">1 v\u00f2i n\u01b0\u1edbc n\u00f3ng ri\u00eang bi\u1ec7t<\/strong> thu\u1eadn ti\u1ec7n cho vi\u1ec7c pha tr\u00e0 ho\u1eb7c americano.<\/p>\n<p data-start=\"1349\" data-end=\"1587\">Thi\u1ebft k\u1ebf c\u1ee7a m\u00e1y mang \u0111\u1eadm phong c\u00e1ch \u00dd v\u1edbi k\u00edch th\u01b0\u1edbc <strong data-start=\"1403\" data-end=\"1425\">432 x 598 x 570 mm<\/strong>, v\u1eeba v\u1eb7n v\u00e0 d\u1ec5 b\u1ed1 tr\u00ed trong m\u1ecdi kh\u00f4ng gian pha ch\u1ebf. V\u1ecf m\u00e1y \u0111\u01b0\u1ee3c l\u00e0m t\u1eeb <strong data-start=\"1497\" data-end=\"1522\">th\u00e9p kh\u00f4ng g\u1ec9 cao c\u1ea5p<\/strong>, b\u1ec1n b\u1ec9, d\u1ec5 v\u1ec7 sinh v\u00e0 t\u1ea1o c\u1ea3m gi\u00e1c sang tr\u1ecdng, chuy\u00ean nghi\u1ec7p.<\/p>\n<p data-start=\"1589\" data-end=\"1838\">Nh\u1edd s\u1ef1 k\u1ebft h\u1ee3p ho\u00e0n h\u1ea3o gi\u1eefa <strong data-start=\"1618\" data-end=\"1679\">thi\u1ebft k\u1ebf nh\u1ecf g\u1ecdn, c\u00f4ng ngh\u1ec7 hi\u1ec7n \u0111\u1ea1i v\u00e0 hi\u1ec7u n\u0103ng \u1ed5n \u0111\u1ecbnh<\/strong>, <strong data-start=\"1681\" data-end=\"1702\">Casadio Undici A1<\/strong> l\u00e0 l\u1ef1a ch\u1ecdn l\u00fd t\u01b0\u1edfng cho nh\u1eefng ai mong mu\u1ed1n mang \u0111\u1ebfn <strong data-start=\"1756\" data-end=\"1785\">ch\u1ea5t l\u01b0\u1ee3ng c\u00e0 ph\u00ea chu\u1ea9n \u00dd<\/strong> trong kh\u00f4ng gian pha ch\u1ebf chuy\u00ean nghi\u1ec7p v\u00e0 tinh t\u1ebf.<\/p>","protected":false},"excerpt":{"rendered":"<p>&#8211; C\u00f4ng su\u1ea5t: 3300W.<br \/>\n&#8211; Dung t\u00edch n\u1ed3i h\u01a1i: 5 l\u00edt.<br \/>\n&#8211; \u0110i\u1ec7n \u00e1p: 220V.<br \/>\n&#8211; K\u00edch th\u01b0\u1edbc: 432 x 598 x 570mm.<br \/>\n&#8211; N\u0103ng l\u1ef1c s\u1ea3n ph\u1ea9m: 60 ly\/h.<br \/>\n&#8211; \u0110\u0169a h\u01a1i 1 c\u00e2y<br \/>\n&#8211; V\u00f2i n\u01b0\u1edbc n\u00f3ng 1<br \/>\n&#8211; Xu\u1ea5t x\u1ee9: \u00dd.<\/p>","protected":false},"featured_media":8392,"comment_status":"open","ping_status":"closed","template":"","meta":{"_acf_changed":false},"product_brand":[],"product_cat":[191],"product_tag":[],"class_list":{"0":"post-8393","1":"product","2":"type-product","3":"status-publish","4":"has-post-thumbnail","6":"product_cat-ca-phe-hat","8":"first","9":"instock","10":"shipping-taxable","11":"product-type-simple"},"acf":[],"_links":{"self":[{"href":"https:\/\/huongphung.sagomedia.vn\/en\/wp-json\/wp\/v2\/product\/8393","targetHints":{"allow":["GET"]}}],"collection":[{"href":"https:\/\/huongphung.sagomedia.vn\/en\/wp-json\/wp\/v2\/product"}],"about":[{"href":"https:\/\/huongphung.sagomedia.vn\/en\/wp-json\/wp\/v2\/types\/product"}],"replies":[{"embeddable":true,"href":"https:\/\/huongphung.sagomedia.vn\/en\/wp-json\/wp\/v2\/comments?post=8393"}],"wp:featuredmedia":[{"embeddable":true,"href":"https:\/\/huongphung.sagomedia.vn\/en\/wp-json\/wp\/v2\/media\/8392"}],"wp:attachment":[{"href":"https:\/\/huongphung.sagomedia.vn\/en\/wp-json\/wp\/v2\/media?parent=8393"}],"wp:term":[{"taxonomy":"product_brand","embeddable":true,"href":"https:\/\/huongphung.sagomedia.vn\/en\/wp-json\/wp\/v2\/product_brand?post=8393"},{"taxonomy":"product_cat","embeddable":true,"href":"https:\/\/huongphung.sagomedia.vn\/en\/wp-json\/wp\/v2\/product_cat?post=8393"},{"taxonomy":"product_tag","embeddable":true,"href":"https:\/\/huongphung.sagomedia.vn\/en\/wp-json\/wp\/v2\/product_tag?post=8393"}],"curies":[{"name":"wp","href":"https:\/\/api.w.org\/{rel}","templated":true}]}}