{"id":8389,"date":"2025-08-22T16:55:59","date_gmt":"2025-08-22T09:55:59","guid":{"rendered":"https:\/\/huongphung.sagomedia.vn\/may-pha-crm-3200b-3200d\/"},"modified":"2025-10-22T17:42:22","modified_gmt":"2025-10-22T10:42:22","slug":"may-pha-crm-3200b-3200d","status":"publish","type":"product","link":"https:\/\/huongphung.sagomedia.vn\/en\/may-pha-crm-3200b-3200d\/","title":{"rendered":"M\u00e1y pha CRM 3200B, 3200D"},"content":{"rendered":"<p data-start=\"297\" data-end=\"713\">Coffee machine <strong data-start=\"312\" data-end=\"333\">CRM 3200B \/ 3200D<\/strong> l\u00e0 d\u00f2ng m\u00e1y pha b\u00e1n chuy\u00ean nghi\u1ec7p n\u1ed5i b\u1eadt v\u1edbi <strong data-start=\"380\" data-end=\"441\">thi\u1ebft k\u1ebf hi\u1ec7n \u0111\u1ea1i, c\u00f4ng su\u1ea5t m\u1ea1nh m\u1ebd v\u00e0 hi\u1ec7u n\u0103ng \u1ed5n \u0111\u1ecbnh<\/strong>, ph\u00f9 h\u1ee3p cho c\u00e1c <strong data-start=\"459\" data-end=\"532\">qu\u00e1n c\u00e0 ph\u00ea nh\u1ecf, v\u0103n ph\u00f2ng ho\u1eb7c h\u1ed9 gia \u0111\u00ecnh y\u00eau th\u00edch c\u00e0 ph\u00ea espresso<\/strong>. V\u1edbi m\u1ee9c gi\u00e1 h\u1ee3p l\u00fd nh\u01b0ng v\u1eabn \u0111\u1ea3m b\u1ea3o ch\u1ea5t l\u01b0\u1ee3ng chi\u1ebft xu\u1ea5t chu\u1ea9n, \u0111\u00e2y l\u00e0 l\u1ef1a ch\u1ecdn l\u00fd t\u01b0\u1edfng cho nh\u1eefng ai mu\u1ed1n b\u1eaft \u0111\u1ea7u kinh doanh c\u00e0 ph\u00ea ho\u1eb7c n\u00e2ng c\u1ea5p tr\u1ea3i nghi\u1ec7m pha ch\u1ebf t\u1ea1i nh\u00e0.<\/p>\n<p data-start=\"715\" data-end=\"1078\">M\u00e1y ho\u1ea1t \u0111\u1ed9ng v\u1edbi <strong data-start=\"733\" data-end=\"752\">c\u00f4ng su\u1ea5t 2000W<\/strong> and <strong data-start=\"756\" data-end=\"777\">\u0111i\u1ec7n \u00e1p 220V\/50Hz<\/strong>, mang l\u1ea1i kh\u1ea3 n\u0103ng l\u00e0m n\u00f3ng nhanh, chi\u1ebft xu\u1ea5t c\u00e0 ph\u00ea \u1ed5n \u0111\u1ecbnh v\u00e0 duy tr\u00ec \u00e1p su\u1ea5t \u1ed5n \u0111\u1ecbnh trong su\u1ed1t qu\u00e1 tr\u00ecnh pha. <strong data-start=\"892\" data-end=\"919\">N\u1ed3i h\u01a1i dung t\u00edch 1 l\u00edt<\/strong> k\u1ebft h\u1ee3p v\u1edbi <strong data-start=\"932\" data-end=\"956\">b\u00ecnh ch\u1ee9a n\u01b0\u1edbc 2 l\u00edt<\/strong> gi\u00fap cung c\u1ea5p \u0111\u1ee7 n\u01b0\u1edbc n\u00f3ng cho vi\u1ec7c pha ch\u1ebf v\u00e0 \u0111\u00e1nh s\u1eefa li\u00ean t\u1ee5c, ph\u00f9 h\u1ee3p v\u1edbi nhu c\u1ea7u ph\u1ee5c v\u1ee5 kho\u1ea3ng <strong data-start=\"1058\" data-end=\"1075\">40 ly m\u1ed7i gi\u1edd<\/strong>.<\/p>\n<p data-start=\"1080\" data-end=\"1350\"><strong data-start=\"1080\" data-end=\"1101\">CRM 3200B \/ 3200D<\/strong> \u0111\u01b0\u1ee3c trang b\u1ecb h\u1ec7 th\u1ed1ng \u0111\u00e1nh s\u1eefa m\u1ea1nh m\u1ebd, cho ph\u00e9p t\u1ea1o b\u1ecdt s\u1eefa m\u1ecbn v\u00e0 b\u00f4ng x\u1ed1p \u2013 y\u1ebfu t\u1ed1 quan tr\u1ecdng \u0111\u1ec3 pha cappuccino ho\u1eb7c latte \u0111\u1ea1t chu\u1ea9n. M\u00e1y c\u0169ng \u0111\u01b0\u1ee3c t\u00edch h\u1ee3p van an to\u00e0n v\u00e0 c\u1ea3m bi\u1ebfn nhi\u1ec7t t\u1ef1 \u0111\u1ed9ng, gi\u00fap b\u1ea3o v\u1ec7 thi\u1ebft b\u1ecb trong qu\u00e1 tr\u00ecnh v\u1eadn h\u00e0nh.<\/p>\n<p data-start=\"1352\" data-end=\"1533\">With <strong data-start=\"1356\" data-end=\"1389\">k\u00edch th\u01b0\u1edbc 350 x 490 x 420 mm<\/strong> and <strong data-start=\"1393\" data-end=\"1413\">tr\u1ecdng l\u01b0\u1ee3ng 26kg<\/strong>, CRM 3200B\/D c\u00f3 ki\u1ec3u d\u00e1ng nh\u1ecf g\u1ecdn, d\u1ec5 b\u1ed1 tr\u00ed tr\u00ean qu\u1ea7y pha ch\u1ebf ho\u1eb7c b\u00e0n l\u00e0m vi\u1ec7c m\u00e0 v\u1eabn \u0111\u1ea3m b\u1ea3o s\u1ef1 ch\u1eafc ch\u1eafn, b\u1ec1n b\u1ec9.<\/p>\n<p data-start=\"1535\" data-end=\"1801\">\u0110\u01b0\u1ee3c <strong data-start=\"1540\" data-end=\"1567\">s\u1ea3n xu\u1ea5t t\u1ea1i Trung Qu\u1ed1c<\/strong> theo ti\u00eau chu\u1ea9n k\u1ef9 thu\u1eadt qu\u1ed1c t\u1ebf, <strong data-start=\"1602\" data-end=\"1624\">CRM 3200B v\u00e0 3200D<\/strong> mang \u0111\u1ebfn <strong data-start=\"1634\" data-end=\"1700\">s\u1ef1 c\u00e2n b\u1eb1ng ho\u00e0n h\u1ea3o gi\u1eefa c\u00f4ng su\u1ea5t, \u0111\u1ed9 b\u1ec1n v\u00e0 gi\u00e1 tr\u1ecb s\u1eed d\u1ee5ng<\/strong>, gi\u00fap ng\u01b0\u1eddi d\u00f9ng d\u1ec5 d\u00e0ng t\u1ea1o ra nh\u1eefng ly espresso \u0111\u1eadm \u0111\u00e0, chu\u1ea9n v\u1ecb \u00dd ngay t\u1ea1i kh\u00f4ng gian c\u1ee7a m\u00ecnh.<\/p>","protected":false},"excerpt":{"rendered":"<p>&#8211; C\u00f4ng su\u1ea5t: 2000W.<br \/>\n&#8211; B\u00ecnh n\u01b0\u1edbc: 2 l\u00edt<br \/>\n&#8211; N\u0103ng l\u1ef1c s\u1ea3n ph\u1ea9m: 40 ly\/h<br \/>\n&#8211; \u0110i\u1ec7n \u00e1p: 220 V\/50Hz<br \/>\n&#8211; N\u1ed3i h\u01a1i n\u01b0\u1edbc n\u00f3ng 1 l\u00edt<br \/>\n&#8211; K\u00edch th\u01b0\u1edbc: 350 x 490 x 420mm<br \/>\n&#8211; Tr\u1ecdng l\u01b0\u1ee3ng: 26 kg<br \/>\n&#8211; Xu\u1ea5t x\u1ee9 Trung Qu\u1ed1c.<\/p>","protected":false},"featured_media":8388,"comment_status":"open","ping_status":"closed","template":"","meta":{"_acf_changed":false},"product_brand":[],"product_cat":[191],"product_tag":[],"class_list":{"0":"post-8389","1":"product","2":"type-product","3":"status-publish","4":"has-post-thumbnail","6":"product_cat-ca-phe-hat","8":"first","9":"instock","10":"shipping-taxable","11":"product-type-simple"},"acf":[],"_links":{"self":[{"href":"https:\/\/huongphung.sagomedia.vn\/en\/wp-json\/wp\/v2\/product\/8389","targetHints":{"allow":["GET"]}}],"collection":[{"href":"https:\/\/huongphung.sagomedia.vn\/en\/wp-json\/wp\/v2\/product"}],"about":[{"href":"https:\/\/huongphung.sagomedia.vn\/en\/wp-json\/wp\/v2\/types\/product"}],"replies":[{"embeddable":true,"href":"https:\/\/huongphung.sagomedia.vn\/en\/wp-json\/wp\/v2\/comments?post=8389"}],"wp:featuredmedia":[{"embeddable":true,"href":"https:\/\/huongphung.sagomedia.vn\/en\/wp-json\/wp\/v2\/media\/8388"}],"wp:attachment":[{"href":"https:\/\/huongphung.sagomedia.vn\/en\/wp-json\/wp\/v2\/media?parent=8389"}],"wp:term":[{"taxonomy":"product_brand","embeddable":true,"href":"https:\/\/huongphung.sagomedia.vn\/en\/wp-json\/wp\/v2\/product_brand?post=8389"},{"taxonomy":"product_cat","embeddable":true,"href":"https:\/\/huongphung.sagomedia.vn\/en\/wp-json\/wp\/v2\/product_cat?post=8389"},{"taxonomy":"product_tag","embeddable":true,"href":"https:\/\/huongphung.sagomedia.vn\/en\/wp-json\/wp\/v2\/product_tag?post=8389"}],"curies":[{"name":"wp","href":"https:\/\/api.w.org\/{rel}","templated":true}]}}