{"id":8385,"date":"2025-08-22T16:55:39","date_gmt":"2025-08-22T09:55:39","guid":{"rendered":"https:\/\/huongphung.sagomedia.vn\/may-xay-ca-phe-ureka-firenze-75\/"},"modified":"2025-10-22T17:42:29","modified_gmt":"2025-10-22T10:42:29","slug":"may-xay-ca-phe-ureka-firenze-75","status":"publish","type":"product","link":"https:\/\/huongphung.sagomedia.vn\/en\/may-xay-ca-phe-ureka-firenze-75\/","title":{"rendered":"M\u00e1y xay c\u00e0 ph\u00ea Ureka Firenze 75"},"content":{"rendered":"<p data-start=\"410\" data-end=\"753\">Coffee grinder <strong data-start=\"425\" data-end=\"445\">Ureka Firenze 75<\/strong> l\u00e0 l\u1ef1a ch\u1ecdn h\u00e0ng \u0111\u1ea7u cho c\u00e1c <strong data-start=\"475\" data-end=\"525\">qu\u00e1n c\u00e0 ph\u00ea, nh\u00e0 h\u00e0ng v\u00e0 barista chuy\u00ean nghi\u1ec7p<\/strong>, nh\u1edd hi\u1ec7u n\u0103ng m\u1ea1nh m\u1ebd, \u0111\u1ed9 b\u1ec1n cao v\u00e0 thi\u1ebft k\u1ebf tinh t\u1ebf \u0111\u1ebfn t\u1eeb <strong data-start=\"588\" data-end=\"593\">\u00dd<\/strong>.<br data-start=\"594\" data-end=\"597\" \/>\u0110\u01b0\u1ee3c trang b\u1ecb <strong data-start=\"611\" data-end=\"634\">l\u01b0\u1ee1i dao ph\u1eb3ng 75mm<\/strong> c\u00f9ng <strong data-start=\"640\" data-end=\"658\">c\u00f4ng su\u1ea5t 340W<\/strong>, m\u00e1y gi\u00fap xay c\u00e0 ph\u00ea nhanh, m\u1ecbn v\u00e0 \u0111\u1ed3ng nh\u1ea5t, gi\u1eef tr\u1ecdn h\u01b0\u01a1ng v\u1ecb \u0111\u1eb7c tr\u01b0ng c\u1ee7a t\u1eebng lo\u1ea1i h\u1ea1t.<\/p>\n<p data-start=\"755\" data-end=\"1120\">\u0110i\u1ec3m n\u1ed5i b\u1eadt c\u1ee7a <strong data-start=\"772\" data-end=\"792\">Ureka Firenze 75<\/strong> l\u00e0 <strong data-start=\"796\" data-end=\"829\">m\u00e0n h\u00ecnh c\u1ea3m \u1ee9ng LCD hi\u1ec7n \u0111\u1ea1i<\/strong>, cho ph\u00e9p \u0111i\u1ec1u ch\u1ec9nh th\u1eddi gian v\u00e0 \u0111\u1ecbnh l\u01b0\u1ee3ng c\u00e0 ph\u00ea ch\u00ednh x\u00e1c. M\u00e1y v\u1eadn h\u00e0nh \u00eam \u00e1i, \u1ed5n \u0111\u1ecbnh, ph\u00f9 h\u1ee3p v\u1edbi nhu c\u1ea7u ph\u1ee5c v\u1ee5 li\u00ean t\u1ee5c trong m\u00f4i tr\u01b0\u1eddng chuy\u00ean nghi\u1ec7p.<br data-start=\"990\" data-end=\"993\" \/>Thi\u1ebft k\u1ebf nh\u1ecf g\u1ecdn, sang tr\u1ecdng v\u1edbi hai m\u00e0u <strong data-start=\"1034\" data-end=\"1050\">tr\u1eafng v\u00e0 \u0111en<\/strong>, gi\u00fap d\u1ec5 d\u00e0ng b\u1ed1 tr\u00ed t\u1ea1i qu\u1ea7y bar ho\u1eb7c kh\u00f4ng gian pha ch\u1ebf hi\u1ec7n \u0111\u1ea1i.<\/p>\n<p data-start=\"1122\" data-end=\"1316\">N\u1ebfu b\u1ea1n \u0111ang t\u00ecm ki\u1ebfm m\u1ed9t <strong data-start=\"1148\" data-end=\"1211\">m\u00e1y xay c\u00e0 ph\u00ea chuy\u00ean nghi\u1ec7p, hi\u1ec7u su\u1ea5t cao, nh\u1eadp kh\u1ea9u t\u1eeb \u00dd<\/strong>, th\u00ec <strong data-start=\"1217\" data-end=\"1237\">Ureka Firenze 75<\/strong> ch\u00ednh l\u00e0 l\u1ef1a ch\u1ecdn ho\u00e0n h\u1ea3o gi\u00fap n\u00e2ng t\u1ea7m ch\u1ea5t l\u01b0\u1ee3ng c\u00e0 ph\u00ea trong qu\u00e1n c\u1ee7a b\u1ea1n.<\/p>\n<p data-start=\"1323\" data-end=\"1375\"><strong>B\u1ea3ng th\u00f4ng s\u1ed1 k\u1ef9 thu\u1eadt \u2013 Ureka Firenze 75<\/strong><\/p>\n<div class=\"_tableContainer_1rjym_1\">\n<div class=\"group _tableWrapper_1rjym_13 flex w-fit flex-col-reverse\" tabindex=\"-1\">\n<table class=\"w-fit min-w-(--thread-content-width)\" data-start=\"1377\" data-end=\"2214\">\n<thead data-start=\"1377\" data-end=\"1446\">\n<tr data-start=\"1377\" data-end=\"1446\">\n<th data-start=\"1377\" data-end=\"1405\" data-col-size=\"sm\"><strong data-start=\"1379\" data-end=\"1391\">Th\u00f4ng s\u1ed1<\/strong><\/th>\n<th data-start=\"1405\" data-end=\"1446\" data-col-size=\"sm\"><strong data-start=\"1407\" data-end=\"1419\">See details<\/strong><\/th>\n<\/tr>\n<\/thead>\n<tbody data-start=\"1517\" data-end=\"2214\">\n<tr data-start=\"1517\" data-end=\"1586\">\n<td data-start=\"1517\" data-end=\"1546\" data-col-size=\"sm\"><strong data-start=\"1519\" data-end=\"1540\">M\u00e0n h\u00ecnh hi\u1ec3n th\u1ecb<\/strong><\/td>\n<td data-col-size=\"sm\" data-start=\"1546\" data-end=\"1586\">C\u1ea3m \u1ee9ng LCD hi\u1ec7n \u0111\u1ea1i<\/td>\n<\/tr>\n<tr data-start=\"1587\" data-end=\"1656\">\n<td data-start=\"1587\" data-end=\"1616\" data-col-size=\"sm\"><strong data-start=\"1589\" data-end=\"1600\">\u0110i\u1ec7n \u00e1p<\/strong><\/td>\n<td data-col-size=\"sm\" data-start=\"1616\" data-end=\"1656\">220V<\/td>\n<\/tr>\n<tr data-start=\"1657\" data-end=\"1726\">\n<td data-start=\"1657\" data-end=\"1686\" data-col-size=\"sm\"><strong data-start=\"1659\" data-end=\"1669\">T\u1ea7n s\u1ed1<\/strong><\/td>\n<td data-col-size=\"sm\" data-start=\"1686\" data-end=\"1726\">50Hz<\/td>\n<\/tr>\n<tr data-start=\"1727\" data-end=\"1796\">\n<td data-start=\"1727\" data-end=\"1756\" data-col-size=\"sm\"><strong data-start=\"1729\" data-end=\"1742\">C\u00f4ng su\u1ea5t<\/strong><\/td>\n<td data-col-size=\"sm\" data-start=\"1756\" data-end=\"1796\">340W<\/td>\n<\/tr>\n<tr data-start=\"1797\" data-end=\"1865\">\n<td data-start=\"1797\" data-end=\"1826\" data-col-size=\"sm\"><strong data-start=\"1799\" data-end=\"1822\">\u0110\u01b0\u1eddng k\u00ednh l\u01b0\u1ee1i dao<\/strong><\/td>\n<td data-col-size=\"sm\" data-start=\"1826\" data-end=\"1865\">75mm (th\u00e9p kh\u00f4ng g\u1ec9)<\/td>\n<\/tr>\n<tr data-start=\"1866\" data-end=\"1934\">\n<td data-start=\"1866\" data-end=\"1898\" data-col-size=\"sm\"><strong data-start=\"1868\" data-end=\"1897\">Dung t\u00edch h\u1ed9c ch\u1ee9a c\u00e0 ph\u00ea<\/strong><\/td>\n<td data-col-size=\"sm\" data-start=\"1898\" data-end=\"1934\">2kg<\/td>\n<\/tr>\n<tr data-start=\"1935\" data-end=\"2004\">\n<td data-start=\"1935\" data-end=\"1964\" data-col-size=\"sm\"><strong data-start=\"1937\" data-end=\"1963\">K\u00edch th\u01b0\u1edbc (D x R x C)<\/strong><\/td>\n<td data-col-size=\"sm\" data-start=\"1964\" data-end=\"2004\">18 x 35 x 50 cm<\/td>\n<\/tr>\n<tr data-start=\"2005\" data-end=\"2074\">\n<td data-start=\"2005\" data-end=\"2034\" data-col-size=\"sm\"><strong data-start=\"2007\" data-end=\"2021\">Kh\u1ed1i l\u01b0\u1ee3ng<\/strong><\/td>\n<td data-col-size=\"sm\" data-start=\"2034\" data-end=\"2074\">12kg<\/td>\n<\/tr>\n<tr data-start=\"2075\" data-end=\"2144\">\n<td data-start=\"2075\" data-end=\"2104\" data-col-size=\"sm\"><strong data-start=\"2077\" data-end=\"2088\">M\u00e0u s\u1eafc<\/strong><\/td>\n<td data-col-size=\"sm\" data-start=\"2104\" data-end=\"2144\">Tr\u1eafng \/ \u0110en<\/td>\n<\/tr>\n<tr data-start=\"2145\" data-end=\"2214\">\n<td data-start=\"2145\" data-end=\"2174\" data-col-size=\"sm\"><strong data-start=\"2147\" data-end=\"2158\">Xu\u1ea5t x\u1ee9<\/strong><\/td>\n<td data-col-size=\"sm\" data-start=\"2174\" data-end=\"2214\">\u00dd (Italy)<\/td>\n<\/tr>\n<\/tbody>\n<\/table>\n<\/div>\n<\/div>","protected":false},"excerpt":{"rendered":"<p data-start=\"284\" data-end=\"583\">Coffee grinder <strong data-start=\"299\" data-end=\"319\">Ureka Firenze 75<\/strong> \u2013 d\u00f2ng m\u00e1y xay c\u00e0 ph\u00ea chuy\u00ean nghi\u1ec7p \u0111\u1ebfn t\u1eeb \u00dd, trang b\u1ecb <strong data-start=\"375\" data-end=\"392\">l\u01b0\u1ee1i dao 75mm<\/strong>, <strong data-start=\"394\" data-end=\"427\">m\u00e0n h\u00ecnh c\u1ea3m \u1ee9ng LCD hi\u1ec7n \u0111\u1ea1i<\/strong>, c\u00f4ng su\u1ea5t m\u1ea1nh m\u1ebd <strong data-start=\"447\" data-end=\"455\">340W<\/strong>, gi\u00fap xay nhanh, m\u1ecbn v\u00e0 \u0111\u1ed3ng \u0111\u1ec1u. Thi\u1ebft k\u1ebf sang tr\u1ecdng, b\u1ec1n b\u1ec9, ph\u00f9 h\u1ee3p cho <strong data-start=\"531\" data-end=\"582\">qu\u00e1n c\u00e0 ph\u00ea, nh\u00e0 h\u00e0ng, v\u00e0 barista chuy\u00ean nghi\u1ec7p<\/strong>.<\/p>","protected":false},"featured_media":8384,"comment_status":"open","ping_status":"closed","template":"","meta":{"_acf_changed":false},"product_brand":[],"product_cat":[191],"product_tag":[],"class_list":{"0":"post-8385","1":"product","2":"type-product","3":"status-publish","4":"has-post-thumbnail","6":"product_cat-ca-phe-hat","8":"first","9":"instock","10":"shipping-taxable","11":"product-type-simple"},"acf":[],"_links":{"self":[{"href":"https:\/\/huongphung.sagomedia.vn\/en\/wp-json\/wp\/v2\/product\/8385","targetHints":{"allow":["GET"]}}],"collection":[{"href":"https:\/\/huongphung.sagomedia.vn\/en\/wp-json\/wp\/v2\/product"}],"about":[{"href":"https:\/\/huongphung.sagomedia.vn\/en\/wp-json\/wp\/v2\/types\/product"}],"replies":[{"embeddable":true,"href":"https:\/\/huongphung.sagomedia.vn\/en\/wp-json\/wp\/v2\/comments?post=8385"}],"wp:featuredmedia":[{"embeddable":true,"href":"https:\/\/huongphung.sagomedia.vn\/en\/wp-json\/wp\/v2\/media\/8384"}],"wp:attachment":[{"href":"https:\/\/huongphung.sagomedia.vn\/en\/wp-json\/wp\/v2\/media?parent=8385"}],"wp:term":[{"taxonomy":"product_brand","embeddable":true,"href":"https:\/\/huongphung.sagomedia.vn\/en\/wp-json\/wp\/v2\/product_brand?post=8385"},{"taxonomy":"product_cat","embeddable":true,"href":"https:\/\/huongphung.sagomedia.vn\/en\/wp-json\/wp\/v2\/product_cat?post=8385"},{"taxonomy":"product_tag","embeddable":true,"href":"https:\/\/huongphung.sagomedia.vn\/en\/wp-json\/wp\/v2\/product_tag?post=8385"}],"curies":[{"name":"wp","href":"https:\/\/api.w.org\/{rel}","templated":true}]}}