{"id":8258,"date":"2025-09-22T10:55:07","date_gmt":"2025-09-22T03:55:07","guid":{"rendered":"https:\/\/huongphung.sagomedia.vn\/?post_type=product&#038;p=8258"},"modified":"2025-10-22T11:24:01","modified_gmt":"2025-10-22T04:24:01","slug":"tra-gung-hoa-tan-gung-vang","status":"publish","type":"product","link":"https:\/\/huongphung.sagomedia.vn\/en\/tra-gung-hoa-tan-gung-vang\/","title":{"rendered":"Ginger tea floral tan Yellow Ginger"},"content":{"rendered":"<p data-start=\"249\" data-end=\"612\">Tr\u00e0 G\u1eebng H\u00f2a Tan <strong data-start=\"266\" data-end=\"279\">G\u1eebng V\u00e0ng<\/strong> mang \u0111\u1ebfn tr\u1ea3i nghi\u1ec7m th\u01b0\u1edfng th\u1ee9c \u0111\u1ea7y n\u0103ng l\u01b0\u1ee3ng v\u1edbi <strong data-start=\"332\" data-end=\"394\">v\u1ecb g\u1eebng t\u1ef1 nhi\u00ean, cay n\u1ed3ng d\u1ecbu nh\u1eb9 v\u00e0 h\u01b0\u01a1ng th\u01a1m \u0111\u1eb7c tr\u01b0ng<\/strong>. \u0110\u01b0\u1ee3c chi\u1ebft xu\u1ea5t t\u1eeb <strong data-start=\"415\" data-end=\"449\">nh\u1eefng c\u1ee7 g\u1eebng t\u01b0\u01a1i nguy\u00ean ch\u1ea5t<\/strong>, k\u1ebft h\u1ee3p c\u00f9ng c\u00f4ng ngh\u1ec7 s\u1ea5y v\u00e0 h\u00f2a tan hi\u1ec7n \u0111\u1ea1i, s\u1ea3n ph\u1ea9m gi\u1eef tr\u1ecdn <strong data-start=\"517\" data-end=\"545\">tinh d\u1ea7u g\u1eebng nguy\u00ean b\u1ea3n<\/strong> \u2013 gi\u00fap l\u00e0m \u1ea5m c\u01a1 th\u1ec3, gi\u1ea3m c\u1ea3m l\u1ea1nh v\u00e0 h\u1ed7 tr\u1ee3 ti\u00eau h\u00f3a hi\u1ec7u qu\u1ea3.<\/p>\n<p data-start=\"614\" data-end=\"869\">Ch\u1ec9 v\u1edbi m\u1ed9t g\u00f3i nh\u1ecf h\u00f2a v\u00e0o n\u01b0\u1edbc n\u00f3ng, b\u1ea1n \u0111\u00e3 c\u00f3 ngay <strong data-start=\"668\" data-end=\"720\">ly tr\u00e0 g\u1eebng th\u01a1m \u1ea5m, d\u1ec5 u\u1ed1ng v\u00e0 t\u1ed1t cho s\u1ee9c kh\u1ecfe<\/strong>. V\u1ecb g\u1eebng n\u1ed3ng n\u00e0n h\u00f2a quy\u1ec7n c\u00f9ng ch\u00fat ng\u1ecdt thanh nh\u1eb9 t\u1ea1o c\u1ea3m gi\u00e1c th\u01b0 gi\u00e3n, gi\u00fap <strong data-start=\"802\" data-end=\"866\">t\u1ec9nh t\u00e1o tinh th\u1ea7n v\u00e0 l\u00e0m \u1ea5m c\u01a1 th\u1ec3 trong nh\u1eefng ng\u00e0y se l\u1ea1nh<\/strong>.<\/p>\n<p data-start=\"871\" data-end=\"1131\">Ph\u00f9 h\u1ee3p cho m\u1ecdi l\u1ee9a tu\u1ed5i, <strong data-start=\"897\" data-end=\"927\">Tr\u00e0 G\u1eebng H\u00f2a Tan G\u1eebng V\u00e0ng<\/strong> l\u00e0 l\u1ef1a ch\u1ecdn tuy\u1ec7t v\u1eddi cho ng\u01b0\u1eddi b\u1eadn r\u1ed9n, v\u0103n ph\u00f2ng ho\u1eb7c d\u00f9ng sau b\u1eefa \u0103n.<br data-start=\"1000\" data-end=\"1003\" \/>M\u1ed9t t\u00e1ch tr\u00e0 nh\u1ecf, m\u1ed9t h\u01a1i \u1ea5m d\u1ecbu d\u00e0ng \u2013 <strong data-start=\"1043\" data-end=\"1129\">G\u1eebng V\u00e0ng gi\u00fap b\u1ea1n kh\u1edfi \u0111\u1ea7u ng\u00e0y m\u1edbi nh\u1eb9 nh\u00e0ng, kh\u1ecfe kho\u1eafn v\u00e0 tr\u00e0n \u0111\u1ea7y n\u0103ng l\u01b0\u1ee3ng.<\/strong><\/p>","protected":false},"excerpt":{"rendered":"<p>Tr\u00e0 G\u1eebng H\u00f2a Tan G\u1eebng V\u00e0ng mang \u0111\u1ebfn tr\u1ea3i nghi\u1ec7m th\u01b0\u1edfng th\u1ee9c \u0111\u1ea7y n\u0103ng l\u01b0\u1ee3ng v\u1edbi v\u1ecb g\u1eebng t\u1ef1 nhi\u00ean, cay n\u1ed3ng d\u1ecbu nh\u1eb9 v\u00e0 h\u01b0\u01a1ng th\u01a1m \u0111\u1eb7c tr\u01b0ng. \u0110\u01b0\u1ee3c chi\u1ebft xu\u1ea5t t\u1eeb nh\u1eefng c\u1ee7 g\u1eebng t\u01b0\u01a1i nguy\u00ean ch\u1ea5t, k\u1ebft h\u1ee3p c\u00f9ng c\u00f4ng ngh\u1ec7 s\u1ea5y v\u00e0 h\u00f2a tan hi\u1ec7n \u0111\u1ea1i, s\u1ea3n ph\u1ea9m gi\u1eef tr\u1ecdn tinh [&#8230;]\n","protected":false},"featured_media":8259,"comment_status":"open","ping_status":"closed","template":"","meta":{"_acf_changed":false},"product_brand":[368],"product_cat":[191],"product_tag":[],"class_list":{"0":"post-8258","1":"product","2":"type-product","3":"status-publish","4":"has-post-thumbnail","6":"product_brand-phuong-nguyen","7":"product_cat-ca-phe-hat","9":"first","10":"instock","11":"shipping-taxable","12":"product-type-simple"},"acf":[],"_links":{"self":[{"href":"https:\/\/huongphung.sagomedia.vn\/en\/wp-json\/wp\/v2\/product\/8258","targetHints":{"allow":["GET"]}}],"collection":[{"href":"https:\/\/huongphung.sagomedia.vn\/en\/wp-json\/wp\/v2\/product"}],"about":[{"href":"https:\/\/huongphung.sagomedia.vn\/en\/wp-json\/wp\/v2\/types\/product"}],"replies":[{"embeddable":true,"href":"https:\/\/huongphung.sagomedia.vn\/en\/wp-json\/wp\/v2\/comments?post=8258"}],"wp:featuredmedia":[{"embeddable":true,"href":"https:\/\/huongphung.sagomedia.vn\/en\/wp-json\/wp\/v2\/media\/8259"}],"wp:attachment":[{"href":"https:\/\/huongphung.sagomedia.vn\/en\/wp-json\/wp\/v2\/media?parent=8258"}],"wp:term":[{"taxonomy":"product_brand","embeddable":true,"href":"https:\/\/huongphung.sagomedia.vn\/en\/wp-json\/wp\/v2\/product_brand?post=8258"},{"taxonomy":"product_cat","embeddable":true,"href":"https:\/\/huongphung.sagomedia.vn\/en\/wp-json\/wp\/v2\/product_cat?post=8258"},{"taxonomy":"product_tag","embeddable":true,"href":"https:\/\/huongphung.sagomedia.vn\/en\/wp-json\/wp\/v2\/product_tag?post=8258"}],"curies":[{"name":"wp","href":"https:\/\/api.w.org\/{rel}","templated":true}]}}