{"id":8256,"date":"2025-09-22T10:55:01","date_gmt":"2025-09-22T03:55:01","guid":{"rendered":"https:\/\/huongphung.sagomedia.vn\/?post_type=product&#038;p=8256"},"modified":"2025-10-22T11:24:01","modified_gmt":"2025-10-22T04:24:01","slug":"tra-gung-hoa-tan-gung-vang-an-kieng","status":"publish","type":"product","link":"https:\/\/huongphung.sagomedia.vn\/en\/tra-gung-hoa-tan-gung-vang-an-kieng\/","title":{"rendered":"Ginger tea floral tan Yellow Ginger (Dieting)"},"content":{"rendered":"<p data-start=\"319\" data-end=\"700\">Tr\u00e0 G\u1eebng H\u00f2a Tan <strong data-start=\"336\" data-end=\"360\">G\u1eebng V\u00e0ng (\u0102n Ki\u00eang)<\/strong> l\u00e0 l\u1ef1a ch\u1ecdn ho\u00e0n h\u1ea3o cho nh\u1eefng ai y\u00eau th\u00edch <strong data-start=\"405\" data-end=\"434\">v\u1ecb g\u1eebng cay n\u1ed3ng t\u1ef1 nhi\u00ean<\/strong> nh\u01b0ng v\u1eabn mu\u1ed1n <strong data-start=\"450\" data-end=\"493\">gi\u1eef l\u1ed1i s\u1ed1ng l\u00e0nh m\u1ea1nh v\u00e0 h\u1ea1n ch\u1ebf \u0111\u01b0\u1eddng<\/strong>. S\u1ea3n ph\u1ea9m \u0111\u01b0\u1ee3c chi\u1ebft xu\u1ea5t t\u1eeb <strong data-start=\"523\" data-end=\"548\">g\u1eebng t\u01b0\u01a1i nguy\u00ean ch\u1ea5t<\/strong>, k\u1ebft h\u1ee3p c\u00f9ng <strong data-start=\"563\" data-end=\"603\">th\u00e0nh ph\u1ea7n t\u1ea1o ng\u1ecdt t\u1ef1 nhi\u00ean \u00edt calo<\/strong>, gi\u00fap b\u1ea1n t\u1eadn h\u01b0\u1edfng tr\u1ecdn v\u1eb9n h\u01b0\u01a1ng v\u1ecb g\u1eebng m\u00e0 <strong data-start=\"650\" data-end=\"697\">kh\u00f4ng lo t\u0103ng c\u00e2n hay \u1ea3nh h\u01b0\u1edfng \u0111\u01b0\u1eddng huy\u1ebft<\/strong>.<\/p>\n<p data-start=\"702\" data-end=\"1003\">Khi pha, tr\u00e0 t\u1ecfa h\u01b0\u01a1ng th\u01a1m \u1ea5m \u00e1p \u0111\u1eb7c tr\u01b0ng, v\u1ecb cay nh\u1eb9 lan t\u1ecfa n\u01a1i \u0111\u1ea7u l\u01b0\u1ee1i, mang \u0111\u1ebfn c\u1ea3m gi\u00e1c <strong data-start=\"798\" data-end=\"841\">\u1ea5m b\u1ee5ng, th\u01b0 gi\u00e3n v\u00e0 s\u1ea3ng kho\u00e1i t\u1ee9c th\u00ec<\/strong>. Tr\u00e0 g\u1eebng G\u1eebng V\u00e0ng c\u00f2n gi\u00fap <strong data-start=\"871\" data-end=\"926\">l\u00e0m \u1ea5m c\u01a1 th\u1ec3, h\u1ed7 tr\u1ee3 ti\u00eau h\u00f3a v\u00e0 t\u0103ng s\u1ee9c \u0111\u1ec1 kh\u00e1ng<\/strong>, r\u1ea5t th\u00edch h\u1ee3p d\u00f9ng v\u00e0o bu\u1ed5i s\u00e1ng, sau b\u1eefa \u0103n ho\u1eb7c khi th\u1eddi ti\u1ebft tr\u1edf l\u1ea1nh.<\/p>\n<p data-start=\"1005\" data-end=\"1235\">Ch\u1ec9 c\u1ea7n m\u1ed9t g\u00f3i nh\u1ecf h\u00f2a c\u00f9ng n\u01b0\u1edbc n\u00f3ng, b\u1ea1n \u0111\u00e3 c\u00f3 ngay <strong data-start=\"1060\" data-end=\"1128\">ly tr\u00e0 g\u1eebng th\u01a1m ngon, thanh khi\u1ebft v\u00e0 an to\u00e0n cho ng\u01b0\u1eddi \u0103n ki\u00eang<\/strong>.<br data-start=\"1129\" data-end=\"1132\" \/>Tr\u00e0 G\u1eebng H\u00f2a Tan G\u1eebng V\u00e0ng \u2013 <strong data-start=\"1161\" data-end=\"1232\">\u0111\u00e1nh th\u1ee9c v\u1ecb gi\u00e1c, lan t\u1ecfa s\u1ee9c kh\u1ecfe v\u00e0 n\u0103ng l\u01b0\u1ee3ng t\u00edch c\u1ef1c m\u1ed7i ng\u00e0y<\/strong>.<\/p>","protected":false},"excerpt":{"rendered":"<p>Tr\u00e0 G\u1eebng H\u00f2a Tan G\u1eebng V\u00e0ng (\u0102n Ki\u00eang) l\u00e0 l\u1ef1a ch\u1ecdn ho\u00e0n h\u1ea3o cho nh\u1eefng ai y\u00eau th\u00edch v\u1ecb g\u1eebng cay n\u1ed3ng t\u1ef1 nhi\u00ean nh\u01b0ng v\u1eabn mu\u1ed1n gi\u1eef l\u1ed1i s\u1ed1ng l\u00e0nh m\u1ea1nh v\u00e0 h\u1ea1n ch\u1ebf \u0111\u01b0\u1eddng. S\u1ea3n ph\u1ea9m \u0111\u01b0\u1ee3c chi\u1ebft xu\u1ea5t t\u1eeb g\u1eebng t\u01b0\u01a1i nguy\u00ean ch\u1ea5t, k\u1ebft h\u1ee3p c\u00f9ng th\u00e0nh ph\u1ea7n t\u1ea1o ng\u1ecdt t\u1ef1 nhi\u00ean [&#8230;]\n","protected":false},"featured_media":8257,"comment_status":"open","ping_status":"closed","template":"","meta":{"_acf_changed":false},"product_brand":[368],"product_cat":[191],"product_tag":[],"class_list":{"0":"post-8256","1":"product","2":"type-product","3":"status-publish","4":"has-post-thumbnail","6":"product_brand-phuong-nguyen","7":"product_cat-ca-phe-hat","9":"first","10":"instock","11":"shipping-taxable","12":"product-type-simple"},"acf":[],"_links":{"self":[{"href":"https:\/\/huongphung.sagomedia.vn\/en\/wp-json\/wp\/v2\/product\/8256","targetHints":{"allow":["GET"]}}],"collection":[{"href":"https:\/\/huongphung.sagomedia.vn\/en\/wp-json\/wp\/v2\/product"}],"about":[{"href":"https:\/\/huongphung.sagomedia.vn\/en\/wp-json\/wp\/v2\/types\/product"}],"replies":[{"embeddable":true,"href":"https:\/\/huongphung.sagomedia.vn\/en\/wp-json\/wp\/v2\/comments?post=8256"}],"wp:featuredmedia":[{"embeddable":true,"href":"https:\/\/huongphung.sagomedia.vn\/en\/wp-json\/wp\/v2\/media\/8257"}],"wp:attachment":[{"href":"https:\/\/huongphung.sagomedia.vn\/en\/wp-json\/wp\/v2\/media?parent=8256"}],"wp:term":[{"taxonomy":"product_brand","embeddable":true,"href":"https:\/\/huongphung.sagomedia.vn\/en\/wp-json\/wp\/v2\/product_brand?post=8256"},{"taxonomy":"product_cat","embeddable":true,"href":"https:\/\/huongphung.sagomedia.vn\/en\/wp-json\/wp\/v2\/product_cat?post=8256"},{"taxonomy":"product_tag","embeddable":true,"href":"https:\/\/huongphung.sagomedia.vn\/en\/wp-json\/wp\/v2\/product_tag?post=8256"}],"curies":[{"name":"wp","href":"https:\/\/api.w.org\/{rel}","templated":true}]}}