{"id":8254,"date":"2025-10-24T10:54:31","date_gmt":"2025-10-24T03:54:31","guid":{"rendered":"https:\/\/huongphung.sagomedia.vn\/?post_type=product&#038;p=8254"},"modified":"2025-11-13T16:20:55","modified_gmt":"2025-11-13T09:20:55","slug":"ca-phe-hoa-tan-3-in-1-vi-net-tinh-khoi","status":"publish","type":"product","link":"https:\/\/huongphung.sagomedia.vn\/en\/ca-phe-hoa-tan-3-in-1-vi-net-tinh-khoi\/","title":{"rendered":"Soluble coffee 3 in 1 the sharp, pristine"},"content":{"rendered":"<p data-start=\"273\" data-end=\"624\">Soluble coffee <strong data-start=\"288\" data-end=\"315\">3 in 1 v\u1ecb N\u00e9t Tinh Kh\u00f4i<\/strong> l\u00e0 l\u1ef1a ch\u1ecdn l\u00fd t\u01b0\u1edfng cho nh\u1eefng ai y\u00eau th\u00edch <strong data-start=\"360\" data-end=\"424\">v\u1ecb c\u00e0 ph\u00ea nh\u1eb9 nh\u00e0ng, thanh tho\u00e1t nh\u01b0ng v\u1eabn tr\u1ecdn h\u01b0\u01a1ng \u0111\u1eadm \u0111\u00e0<\/strong>. \u0110\u01b0\u1ee3c t\u1ea1o n\u00ean t\u1eeb <strong data-start=\"442\" data-end=\"494\">100% c\u00e0 ph\u00ea nguy\u00ean ch\u1ea5t k\u1ebft h\u1ee3p v\u1edbi s\u1eefa v\u00e0 \u0111\u01b0\u1eddng<\/strong> theo t\u1ef7 l\u1ec7 ho\u00e0n h\u1ea3o, s\u1ea3n ph\u1ea9m mang \u0111\u1ebfn <strong data-start=\"534\" data-end=\"568\">v\u1ecb h\u00e0i h\u00f2a, m\u01b0\u1ee3t m\u00e0 v\u00e0 d\u1ec5 u\u1ed1ng<\/strong>, ph\u00f9 h\u1ee3p v\u1edbi c\u1ea3 ng\u01b0\u1eddi m\u1edbi b\u1eaft \u0111\u1ea7u th\u01b0\u1edfng th\u1ee9c c\u00e0 ph\u00ea.<\/p>\n<p data-start=\"626\" data-end=\"927\">H\u00f2a quy\u1ec7n gi\u1eefa <strong data-start=\"641\" data-end=\"686\">v\u1ecb \u0111\u1eafng nh\u1eb9 \u0111\u1eb7c tr\u01b0ng c\u1ee7a c\u00e0 ph\u00ea rang xay<\/strong> and <strong data-start=\"690\" data-end=\"717\">\u0111\u1ed9 ng\u1ecdt b\u00e9o d\u1ecbu c\u1ee7a s\u1eefa<\/strong>, \u201cN\u00e9t Tinh Kh\u00f4i\u201d kh\u01a1i d\u1eady c\u1ea3m gi\u00e1c th\u01b0 gi\u00e3n, tinh t\u1ebf trong t\u1eebng ng\u1ee5m nh\u1ecf. Ch\u1ec9 c\u1ea7n v\u00e0i gi\u00e2y pha c\u00f9ng n\u01b0\u1edbc n\u00f3ng, b\u1ea1n \u0111\u00e3 c\u00f3 <strong data-start=\"839\" data-end=\"878\">m\u1ed9t t\u00e1ch c\u00e0 ph\u00ea s\u00e1nh m\u1ecbn, th\u01a1m ng\u00e1t<\/strong>, mang \u0111\u1ebfn n\u0103ng l\u01b0\u1ee3ng t\u00edch c\u1ef1c cho c\u1ea3 ng\u00e0y d\u00e0i.<\/p>\n<p data-start=\"929\" data-end=\"1202\">C\u00e0 ph\u00ea h\u00f2a tan Ph\u01b0\u01a1ng Nguy\u00ean \u2013 v\u1ecb ngon chu\u1ea9n gu Vi\u1ec7t, \u0111\u01b0\u1ee3c s\u1ea3n xu\u1ea5t tr\u00ean <strong data-start=\"1002\" data-end=\"1025\">d\u00e2y chuy\u1ec1n hi\u1ec7n \u0111\u1ea1i<\/strong>, \u0111\u1ea3m b\u1ea3o ch\u1ea5t l\u01b0\u1ee3ng \u1ed5n \u0111\u1ecbnh, h\u01b0\u01a1ng v\u1ecb t\u01b0\u01a1i m\u1edbi v\u00e0 an to\u00e0n cho s\u1ee9c kh\u1ecfe.<br data-start=\"1097\" data-end=\"1100\" \/>\u201cN\u00e9t Tinh Kh\u00f4i\u201d kh\u00f4ng ch\u1ec9 l\u00e0 c\u00e0 ph\u00ea, m\u00e0 l\u00e0 <strong data-start=\"1143\" data-end=\"1199\">s\u1ef1 kh\u1edfi \u0111\u1ea7u nh\u1eb9 nh\u00e0ng cho ng\u00e0y m\u1edbi tr\u00e0n \u0111\u1ea7y c\u1ea3m h\u1ee9ng<\/strong>.<\/p>","protected":false},"excerpt":{"rendered":"<p>C\u00e0 ph\u00ea h\u00f2a tan 3 in 1 v\u1ecb N\u00e9t Tinh Kh\u00f4i l\u00e0 l\u1ef1a ch\u1ecdn l\u00fd t\u01b0\u1edfng cho nh\u1eefng ai y\u00eau th\u00edch v\u1ecb c\u00e0 ph\u00ea nh\u1eb9 nh\u00e0ng, thanh tho\u00e1t nh\u01b0ng v\u1eabn tr\u1ecdn h\u01b0\u01a1ng \u0111\u1eadm \u0111\u00e0. \u0110\u01b0\u1ee3c t\u1ea1o n\u00ean t\u1eeb 100% c\u00e0 ph\u00ea nguy\u00ean ch\u1ea5t k\u1ebft h\u1ee3p v\u1edbi s\u1eefa v\u00e0 \u0111\u01b0\u1eddng theo t\u1ef7 l\u1ec7 ho\u00e0n h\u1ea3o, s\u1ea3n [&#8230;]\n","protected":false},"featured_media":8255,"comment_status":"open","ping_status":"closed","template":"","meta":{"_acf_changed":false},"product_brand":[368],"product_cat":[191],"product_tag":[],"class_list":{"0":"post-8254","1":"product","2":"type-product","3":"status-publish","4":"has-post-thumbnail","6":"product_brand-phuong-nguyen","7":"product_cat-ca-phe-hat","9":"first","10":"instock","11":"shipping-taxable","12":"product-type-simple"},"acf":[],"_links":{"self":[{"href":"https:\/\/huongphung.sagomedia.vn\/en\/wp-json\/wp\/v2\/product\/8254","targetHints":{"allow":["GET"]}}],"collection":[{"href":"https:\/\/huongphung.sagomedia.vn\/en\/wp-json\/wp\/v2\/product"}],"about":[{"href":"https:\/\/huongphung.sagomedia.vn\/en\/wp-json\/wp\/v2\/types\/product"}],"replies":[{"embeddable":true,"href":"https:\/\/huongphung.sagomedia.vn\/en\/wp-json\/wp\/v2\/comments?post=8254"}],"wp:featuredmedia":[{"embeddable":true,"href":"https:\/\/huongphung.sagomedia.vn\/en\/wp-json\/wp\/v2\/media\/8255"}],"wp:attachment":[{"href":"https:\/\/huongphung.sagomedia.vn\/en\/wp-json\/wp\/v2\/media?parent=8254"}],"wp:term":[{"taxonomy":"product_brand","embeddable":true,"href":"https:\/\/huongphung.sagomedia.vn\/en\/wp-json\/wp\/v2\/product_brand?post=8254"},{"taxonomy":"product_cat","embeddable":true,"href":"https:\/\/huongphung.sagomedia.vn\/en\/wp-json\/wp\/v2\/product_cat?post=8254"},{"taxonomy":"product_tag","embeddable":true,"href":"https:\/\/huongphung.sagomedia.vn\/en\/wp-json\/wp\/v2\/product_tag?post=8254"}],"curies":[{"name":"wp","href":"https:\/\/api.w.org\/{rel}","templated":true}]}}