{"id":8252,"date":"2025-10-25T10:54:04","date_gmt":"2025-10-25T03:54:04","guid":{"rendered":"https:\/\/huongphung.sagomedia.vn\/?post_type=product&#038;p=8252"},"modified":"2025-11-13T16:20:30","modified_gmt":"2025-11-13T09:20:30","slug":"ca-phe-hoa-4-in-1-vi-net-dua","status":"publish","type":"product","link":"https:\/\/huongphung.sagomedia.vn\/en\/ca-phe-hoa-4-in-1-vi-net-dua\/","title":{"rendered":"Instant coffee, 4 in 1 the definition Coconut"},"content":{"rendered":"<p data-start=\"289\" data-end=\"787\">C\u00e0 ph\u00ea h\u00f2a tan 4 in 1 v\u1ecb <strong data-start=\"314\" data-end=\"325\">N\u00e9t D\u1eeba<\/strong> l\u00e0 s\u1ef1 k\u1ebft h\u1ee3p s\u00e1ng t\u1ea1o gi\u1eefa <strong data-start=\"354\" data-end=\"380\">h\u01b0\u01a1ng v\u1ecb c\u00e0 ph\u00ea \u0111\u1eadm \u0111\u00e0<\/strong> and <strong data-start=\"384\" data-end=\"421\">v\u1ecb b\u00e9o th\u01a1m t\u1ef1 nhi\u00ean c\u1ee7a d\u1eeba Vi\u1ec7t<\/strong>, mang \u0111\u1ebfn tr\u1ea3i nghi\u1ec7m m\u1edbi m\u1ebb, ng\u1ecdt ng\u00e0o nh\u01b0ng v\u1eabn gi\u1eef \u0111\u01b0\u1ee3c tinh th\u1ea7n c\u00e0 ph\u00ea nguy\u00ean b\u1ea3n.<br data-start=\"509\" data-end=\"512\" \/>M\u1ed7i g\u00f3i c\u00e0 ph\u00ea l\u00e0 s\u1ef1 h\u00f2a quy\u1ec7n ho\u00e0n h\u1ea3o c\u1ee7a <strong data-start=\"556\" data-end=\"585\">c\u00e0 ph\u00ea rang xay tinh ch\u1ecdn<\/strong>, <strong data-start=\"587\" data-end=\"605\" data-is-only-node=\"\">s\u1eefa b\u1ed9t, \u0111\u01b0\u1eddng<\/strong> and <strong data-start=\"609\" data-end=\"633\">b\u1ed9t kem d\u1eeba t\u1ef1 nhi\u00ean<\/strong> \u2013 t\u1ea5t c\u1ea3 \u0111\u01b0\u1ee3c ph\u1ed1i tr\u1ed9n theo t\u1ef7 l\u1ec7 chu\u1ea9n m\u1ef1c, gi\u00fap b\u1ea1n d\u1ec5 d\u00e0ng pha ch\u1ebf ch\u1ec9 trong v\u00e0i gi\u00e2y m\u00e0 v\u1eabn c\u00f3 \u0111\u01b0\u1ee3c <strong data-start=\"739\" data-end=\"784\">t\u00e1ch c\u00e0 ph\u00ea th\u01a1m b\u00e9o, s\u00e1nh m\u1ecbn v\u00e0 tr\u00f2n v\u1ecb<\/strong>.<\/p>\n<p data-start=\"789\" data-end=\"1144\">C\u00e0 ph\u00ea N\u00e9t D\u1eeba kh\u00f4ng ch\u1ec9 l\u00e0 m\u1ed9t th\u1ee9c u\u1ed1ng, m\u00e0 c\u00f2n l\u00e0 <strong data-start=\"842\" data-end=\"873\">h\u01b0\u01a1ng v\u1ecb c\u1ee7a mi\u1ec1n nhi\u1ec7t \u0111\u1edbi<\/strong>, g\u1ee3i nh\u1edb nh\u1eefng bu\u1ed5i s\u00e1ng trong l\u00e0nh, ch\u00fat ng\u1ecdt d\u1ecbu c\u1ee7a d\u1eeba non h\u00f2a c\u00f9ng h\u01b0\u01a1ng c\u00e0 ph\u00ea n\u1ed3ng n\u00e0n.<br data-start=\"968\" data-end=\"971\" \/>S\u1ea3n ph\u1ea9m ph\u00f9 h\u1ee3p cho m\u1ecdi \u0111\u1ed1i t\u01b0\u1ee3ng \u2013 t\u1eeb ng\u01b0\u1eddi b\u1eadn r\u1ed9n c\u1ea7n ly c\u00e0 ph\u00ea nhanh g\u1ecdn, \u0111\u1ebfn nh\u1eefng ai y\u00eau th\u00edch s\u1ef1 m\u1edbi l\u1ea1, mu\u1ed1n t\u00ecm ki\u1ebfm c\u1ea3m gi\u00e1c th\u01b0 gi\u00e3n v\u00e0 \u00eam d\u1ecbu trong t\u1eebng ng\u1ee5m.<\/p>","protected":false},"excerpt":{"rendered":"<p>C\u00e0 ph\u00ea h\u00f2a tan 4 in 1 v\u1ecb N\u00e9t D\u1eeba l\u00e0 s\u1ef1 k\u1ebft h\u1ee3p s\u00e1ng t\u1ea1o gi\u1eefa h\u01b0\u01a1ng v\u1ecb c\u00e0 ph\u00ea \u0111\u1eadm \u0111\u00e0 v\u00e0 v\u1ecb b\u00e9o th\u01a1m t\u1ef1 nhi\u00ean c\u1ee7a d\u1eeba Vi\u1ec7t, mang \u0111\u1ebfn tr\u1ea3i nghi\u1ec7m m\u1edbi m\u1ebb, ng\u1ecdt ng\u00e0o nh\u01b0ng v\u1eabn gi\u1eef \u0111\u01b0\u1ee3c tinh th\u1ea7n c\u00e0 ph\u00ea nguy\u00ean b\u1ea3n.M\u1ed7i g\u00f3i c\u00e0 ph\u00ea l\u00e0 s\u1ef1 [&#8230;]\n","protected":false},"featured_media":8253,"comment_status":"open","ping_status":"closed","template":"","meta":{"_acf_changed":false},"product_brand":[368],"product_cat":[191],"product_tag":[],"class_list":{"0":"post-8252","1":"product","2":"type-product","3":"status-publish","4":"has-post-thumbnail","6":"product_brand-phuong-nguyen","7":"product_cat-ca-phe-hat","9":"first","10":"instock","11":"shipping-taxable","12":"product-type-simple"},"acf":[],"_links":{"self":[{"href":"https:\/\/huongphung.sagomedia.vn\/en\/wp-json\/wp\/v2\/product\/8252","targetHints":{"allow":["GET"]}}],"collection":[{"href":"https:\/\/huongphung.sagomedia.vn\/en\/wp-json\/wp\/v2\/product"}],"about":[{"href":"https:\/\/huongphung.sagomedia.vn\/en\/wp-json\/wp\/v2\/types\/product"}],"replies":[{"embeddable":true,"href":"https:\/\/huongphung.sagomedia.vn\/en\/wp-json\/wp\/v2\/comments?post=8252"}],"wp:featuredmedia":[{"embeddable":true,"href":"https:\/\/huongphung.sagomedia.vn\/en\/wp-json\/wp\/v2\/media\/8253"}],"wp:attachment":[{"href":"https:\/\/huongphung.sagomedia.vn\/en\/wp-json\/wp\/v2\/media?parent=8252"}],"wp:term":[{"taxonomy":"product_brand","embeddable":true,"href":"https:\/\/huongphung.sagomedia.vn\/en\/wp-json\/wp\/v2\/product_brand?post=8252"},{"taxonomy":"product_cat","embeddable":true,"href":"https:\/\/huongphung.sagomedia.vn\/en\/wp-json\/wp\/v2\/product_cat?post=8252"},{"taxonomy":"product_tag","embeddable":true,"href":"https:\/\/huongphung.sagomedia.vn\/en\/wp-json\/wp\/v2\/product_tag?post=8252"}],"curies":[{"name":"wp","href":"https:\/\/api.w.org\/{rel}","templated":true}]}}