{"id":8147,"date":"2025-11-08T22:40:53","date_gmt":"2025-11-08T15:40:53","guid":{"rendered":"https:\/\/huongphung.sagomedia.vn\/san-pham\/ca-phe-hat-robusta-1-500g\/"},"modified":"2025-11-13T16:15:08","modified_gmt":"2025-11-13T09:15:08","slug":"ca-phe-hat-robusta-1-500g","status":"publish","type":"product","link":"https:\/\/huongphung.sagomedia.vn\/en\/ca-phe-hat-robusta-1-500g\/","title":{"rendered":"Coffee Robusta beans 1 (500g)"},"content":{"rendered":"<p data-start=\"176\" data-end=\"229\"><strong data-start=\"180\" data-end=\"227\">Robusta Coffee \u2013 Characteristic Of The Dak Lak<\/strong><\/p>\n<p data-start=\"231\" data-end=\"568\">Robusta coffee is grown mostly in the red, volcanic soil, Dak Lak, where the dry climate and high ideal for coffee beans develop full, strong and healthy. Robusta beans are <strong data-start=\"398\" data-end=\"436\">large size, soothing scent<\/strong>to <strong data-start=\"447\" data-end=\"509\">bitter-bold, sweet and caffeine content moderate<\/strong> \u2013 enough to arouse energy and alertness for the new date.<\/p>\n<p data-start=\"570\" data-end=\"742\">Thanks to the strong taste, stability and the comparison featured <strong data-start=\"622\" data-end=\"633\">Robusta<\/strong> is a familiar choice for <strong data-start=\"661\" data-end=\"695\">brewed traditional Vietnamese<\/strong> and the line of ground coffee flavor.<\/p>","protected":false},"excerpt":{"rendered":"<p>C\u00e0 Ph\u00ea Robusta \u2013 \u0110\u1eb7c Tr\u01b0ng C\u1ee7a V\u00f9ng \u0110\u1eafk L\u1eafk C\u00e0 ph\u00ea Robusta \u0111\u01b0\u1ee3c tr\u1ed3ng ch\u1ee7 y\u1ebfu t\u1ea1i v\u00f9ng \u0111\u1ea5t \u0111\u1ecf bazan \u0110\u1eafk L\u1eafk \u2013 n\u01a1i kh\u00ed h\u1eadu kh\u00f4 r\u00e1o v\u00e0 \u0111\u1ed9 cao l\u00fd t\u01b0\u1edfng gi\u00fap h\u1ea1t c\u00e0 ph\u00ea ph\u00e1t tri\u1ec3n \u0111\u1ea7y \u0111\u1eb7n, ch\u1eafc kh\u1ecfe. H\u1ea1t Robusta c\u00f3 k\u00edch th\u01b0\u1edbc l\u1edbn, h\u01b0\u01a1ng th\u01a1m d\u1ecbu nh\u1eb9, [&#8230;]\n","protected":false},"featured_media":8146,"comment_status":"open","ping_status":"closed","template":"","meta":{"_acf_changed":false},"product_brand":[368],"product_cat":[191],"product_tag":[],"class_list":{"0":"post-8147","1":"product","2":"type-product","3":"status-publish","4":"has-post-thumbnail","6":"product_brand-phuong-nguyen","7":"product_cat-ca-phe-hat","9":"first","10":"instock","11":"shipping-taxable","12":"product-type-simple"},"acf":[],"_links":{"self":[{"href":"https:\/\/huongphung.sagomedia.vn\/en\/wp-json\/wp\/v2\/product\/8147","targetHints":{"allow":["GET"]}}],"collection":[{"href":"https:\/\/huongphung.sagomedia.vn\/en\/wp-json\/wp\/v2\/product"}],"about":[{"href":"https:\/\/huongphung.sagomedia.vn\/en\/wp-json\/wp\/v2\/types\/product"}],"replies":[{"embeddable":true,"href":"https:\/\/huongphung.sagomedia.vn\/en\/wp-json\/wp\/v2\/comments?post=8147"}],"wp:featuredmedia":[{"embeddable":true,"href":"https:\/\/huongphung.sagomedia.vn\/en\/wp-json\/wp\/v2\/media\/8146"}],"wp:attachment":[{"href":"https:\/\/huongphung.sagomedia.vn\/en\/wp-json\/wp\/v2\/media?parent=8147"}],"wp:term":[{"taxonomy":"product_brand","embeddable":true,"href":"https:\/\/huongphung.sagomedia.vn\/en\/wp-json\/wp\/v2\/product_brand?post=8147"},{"taxonomy":"product_cat","embeddable":true,"href":"https:\/\/huongphung.sagomedia.vn\/en\/wp-json\/wp\/v2\/product_cat?post=8147"},{"taxonomy":"product_tag","embeddable":true,"href":"https:\/\/huongphung.sagomedia.vn\/en\/wp-json\/wp\/v2\/product_tag?post=8147"}],"curies":[{"name":"wp","href":"https:\/\/api.w.org\/{rel}","templated":true}]}}