{"id":8143,"date":"2025-11-09T22:40:49","date_gmt":"2025-11-09T15:40:49","guid":{"rendered":"https:\/\/huongphung.sagomedia.vn\/san-pham\/ca-phe-hat-culi-500g\/"},"modified":"2025-11-13T16:14:26","modified_gmt":"2025-11-13T09:14:26","slug":"ca-phe-hat-culi-500g","status":"publish","type":"product","link":"https:\/\/huongphung.sagomedia.vn\/en\/ca-phe-hat-culi-500g\/","title":{"rendered":"Coffee bean Loris (500g)"},"content":{"rendered":"<p data-start=\"198\" data-end=\"248\"><strong data-start=\"202\" data-end=\"246\">Coffee Culi \u2013 Characteristic Of The Dak Lak<\/strong><\/p>\n<p data-start=\"250\" data-end=\"563\">Coffee Loris, also known as <strong data-start=\"278\" data-end=\"292\">\u201cPeaberry\u201d<\/strong>, is a special variant of the same <strong data-start=\"329\" data-end=\"340\">Robusta<\/strong>formed by <strong data-start=\"356\" data-end=\"377\">natural mutation<\/strong> in the development process. Instead of two like a normal coffee, <strong data-start=\"448\" data-end=\"506\">each fruit coffee Culi contains only a single round beads full<\/strong>she deposited the entire nutrients and flavor best.<\/p>\n<p data-start=\"565\" data-end=\"837\">Thus, particles Loris bearing <strong data-start=\"588\" data-end=\"614\">caffeine high<\/strong>, <strong data-start=\"616\" data-end=\"637\">the bold powerful<\/strong>, blend with the <strong data-start=\"654\" data-end=\"687\">scent, charms<\/strong> \u2013 make up feeling refreshed and alert right from the first sip. This is the ideal choice for those who love <strong data-start=\"801\" data-end=\"834\">the dark coffee quality West highland<\/strong>.<\/p>","protected":false},"excerpt":{"rendered":"<p>C\u00e0 Ph\u00ea Culi \u2013 \u0110\u1eb7c Tr\u01b0ng C\u1ee7a V\u00f9ng \u0110\u1eafk L\u1eafk C\u00e0 ph\u00ea Culi, hay c\u00f2n g\u1ecdi l\u00e0 \u201cPeaberry\u201d, l\u00e0 m\u1ed9t bi\u1ebfn th\u1ec3 \u0111\u1eb7c bi\u1ec7t c\u1ee7a gi\u1ed1ng Robusta, h\u00ecnh th\u00e0nh do \u0111\u1ed9t bi\u1ebfn t\u1ef1 nhi\u00ean trong qu\u00e1 tr\u00ecnh ph\u00e1t tri\u1ec3n. Thay v\u00ec hai nh\u00e2n nh\u01b0 c\u00e0 ph\u00ea th\u00f4ng th\u01b0\u1eddng, m\u1ed7i qu\u1ea3 c\u00e0 ph\u00ea Culi ch\u1ec9 ch\u1ee9a [&#8230;]\n","protected":false},"featured_media":8142,"comment_status":"open","ping_status":"closed","template":"","meta":{"_acf_changed":false},"product_brand":[368],"product_cat":[191],"product_tag":[],"class_list":{"0":"post-8143","1":"product","2":"type-product","3":"status-publish","4":"has-post-thumbnail","6":"product_brand-phuong-nguyen","7":"product_cat-ca-phe-hat","9":"first","10":"instock","11":"shipping-taxable","12":"product-type-simple"},"acf":[],"_links":{"self":[{"href":"https:\/\/huongphung.sagomedia.vn\/en\/wp-json\/wp\/v2\/product\/8143","targetHints":{"allow":["GET"]}}],"collection":[{"href":"https:\/\/huongphung.sagomedia.vn\/en\/wp-json\/wp\/v2\/product"}],"about":[{"href":"https:\/\/huongphung.sagomedia.vn\/en\/wp-json\/wp\/v2\/types\/product"}],"replies":[{"embeddable":true,"href":"https:\/\/huongphung.sagomedia.vn\/en\/wp-json\/wp\/v2\/comments?post=8143"}],"wp:featuredmedia":[{"embeddable":true,"href":"https:\/\/huongphung.sagomedia.vn\/en\/wp-json\/wp\/v2\/media\/8142"}],"wp:attachment":[{"href":"https:\/\/huongphung.sagomedia.vn\/en\/wp-json\/wp\/v2\/media?parent=8143"}],"wp:term":[{"taxonomy":"product_brand","embeddable":true,"href":"https:\/\/huongphung.sagomedia.vn\/en\/wp-json\/wp\/v2\/product_brand?post=8143"},{"taxonomy":"product_cat","embeddable":true,"href":"https:\/\/huongphung.sagomedia.vn\/en\/wp-json\/wp\/v2\/product_cat?post=8143"},{"taxonomy":"product_tag","embeddable":true,"href":"https:\/\/huongphung.sagomedia.vn\/en\/wp-json\/wp\/v2\/product_tag?post=8143"}],"curies":[{"name":"wp","href":"https:\/\/api.w.org\/{rel}","templated":true}]}}