{"id":8141,"date":"2025-11-11T22:40:47","date_gmt":"2025-11-11T15:40:47","guid":{"rendered":"https:\/\/huongphung.sagomedia.vn\/san-pham\/ca-phe-hat-arabica-culi-robusta-500g\/"},"modified":"2025-11-13T16:13:07","modified_gmt":"2025-11-13T09:13:07","slug":"ca-phe-hat-arabica-culi-robusta-500g","status":"publish","type":"product","link":"https:\/\/huongphung.sagomedia.vn\/en\/ca-phe-hat-arabica-culi-robusta-500g\/","title":{"rendered":"Coffee Arabica &amp; Loris &amp; Robusta (500g)"},"content":{"rendered":"<p data-start=\"190\" data-end=\"516\">Innovative combination between <strong data-start=\"215\" data-end=\"243\">Arabica, Culi and Robusta<\/strong> brings a symphony of flavors unique \u2013 where <strong data-start=\"295\" data-end=\"332\">the ethereal, passionate, and strong<\/strong> blend perfect in every drop of coffee.<br data-start=\"375\" data-end=\"378\" \/>Arabica brings <strong data-start=\"395\" data-end=\"416\">a seductive aroma<\/strong>, Loris contribute <strong data-start=\"432\" data-end=\"452\">bold and thick the<\/strong>while Robusta bring <strong data-start=\"480\" data-end=\"513\" data-is-only-node=\"\">strength and compare characteristic<\/strong>.<\/p>\n<p data-start=\"518\" data-end=\"665\">All make up <strong data-start=\"533\" data-end=\"572\">a cup of coffee, ardent, pristine<\/strong>keep the fulness of the identity of Vietnamese coffee \u2013 just bold traditional medium modern sophistication.<\/p>","protected":false},"excerpt":{"rendered":"<p>S\u1ef1 k\u1ebft h\u1ee3p s\u00e1ng t\u1ea1o gi\u1eefa Arabica, Culi v\u00e0 Robusta mang \u0111\u1ebfn m\u1ed9t b\u1ea3n giao h\u01b0\u1edfng h\u01b0\u01a1ng v\u1ecb \u0111\u1ed9c \u0111\u00e1o \u2013 n\u01a1i s\u1ef1 thanh tao, n\u1ed3ng n\u00e0n v\u00e0 m\u1ea1nh m\u1ebd h\u00f2a quy\u1ec7n ho\u00e0n h\u1ea3o trong t\u1eebng gi\u1ecdt c\u00e0 ph\u00ea.Arabica mang l\u1ea1i m\u00f9i th\u01a1m quy\u1ebfn r\u0169, Culi g\u00f3p ph\u1ea7n \u0111\u1eadm \u0111\u00e0 v\u00e0 d\u00e0y v\u1ecb, trong khi [&#8230;]\n","protected":false},"featured_media":8140,"comment_status":"open","ping_status":"closed","template":"","meta":{"_acf_changed":false},"product_brand":[368],"product_cat":[191],"product_tag":[],"class_list":{"0":"post-8141","1":"product","2":"type-product","3":"status-publish","4":"has-post-thumbnail","6":"product_brand-phuong-nguyen","7":"product_cat-ca-phe-hat","9":"first","10":"instock","11":"shipping-taxable","12":"product-type-simple"},"acf":[],"_links":{"self":[{"href":"https:\/\/huongphung.sagomedia.vn\/en\/wp-json\/wp\/v2\/product\/8141","targetHints":{"allow":["GET"]}}],"collection":[{"href":"https:\/\/huongphung.sagomedia.vn\/en\/wp-json\/wp\/v2\/product"}],"about":[{"href":"https:\/\/huongphung.sagomedia.vn\/en\/wp-json\/wp\/v2\/types\/product"}],"replies":[{"embeddable":true,"href":"https:\/\/huongphung.sagomedia.vn\/en\/wp-json\/wp\/v2\/comments?post=8141"}],"wp:featuredmedia":[{"embeddable":true,"href":"https:\/\/huongphung.sagomedia.vn\/en\/wp-json\/wp\/v2\/media\/8140"}],"wp:attachment":[{"href":"https:\/\/huongphung.sagomedia.vn\/en\/wp-json\/wp\/v2\/media?parent=8141"}],"wp:term":[{"taxonomy":"product_brand","embeddable":true,"href":"https:\/\/huongphung.sagomedia.vn\/en\/wp-json\/wp\/v2\/product_brand?post=8141"},{"taxonomy":"product_cat","embeddable":true,"href":"https:\/\/huongphung.sagomedia.vn\/en\/wp-json\/wp\/v2\/product_cat?post=8141"},{"taxonomy":"product_tag","embeddable":true,"href":"https:\/\/huongphung.sagomedia.vn\/en\/wp-json\/wp\/v2\/product_tag?post=8141"}],"curies":[{"name":"wp","href":"https:\/\/api.w.org\/{rel}","templated":true}]}}