{"id":8139,"date":"2025-11-10T22:40:46","date_gmt":"2025-11-10T15:40:46","guid":{"rendered":"https:\/\/huongphung.sagomedia.vn\/san-pham\/ca-phe-hat-arabica-500g\/"},"modified":"2025-11-13T16:13:58","modified_gmt":"2025-11-13T09:13:58","slug":"ca-phe-hat-arabica-500g","status":"publish","type":"product","link":"https:\/\/huongphung.sagomedia.vn\/en\/ca-phe-hat-arabica-500g\/","title":{"rendered":"Coffee Arabica (500g)"},"content":{"rendered":"<p data-start=\"169\" data-end=\"223\"><strong data-start=\"173\" data-end=\"221\">C\u00e0 Ph\u00ea Arabica \u2013 \u0110\u1eb7c tr\u01b0ng c\u1ee7a v\u00f9ng L\u00e2m \u0110\u1ed3ng<\/strong><\/p>\n<p data-start=\"225\" data-end=\"548\">C\u00e0 ph\u00ea Arabica \u0111\u01b0\u1ee3c tr\u1ed3ng tr\u00ean nh\u1eefng tri\u1ec1n \u0111\u1ed3i cao nguy\u00ean L\u00e2m \u0110\u1ed3ng \u2013 n\u01a1i kh\u00ed h\u1eadu m\u00e1t m\u1ebb quanh n\u0103m v\u00e0 \u0111\u1ea5t bazan m\u00e0u m\u1ee1, t\u1ea1o n\u00ean h\u01b0\u01a1ng v\u1ecb \u0111\u1eb7c tr\u01b0ng kh\u00f4ng th\u1ec3 nh\u1ea7m l\u1eabn. H\u1ea1t c\u00e0 ph\u00ea Arabica c\u00f3 <strong data-start=\"413\" data-end=\"440\">d\u00e1ng thon d\u00e0i, m\u00e0u s\u00e1ng<\/strong>, khi rang l\u00ean t\u1ecfa <strong data-start=\"459\" data-end=\"494\">m\u00f9i th\u01a1m nh\u1eb9 nh\u00e0ng, thanh khi\u1ebft<\/strong>, xen l\u1eabn <strong data-start=\"504\" data-end=\"545\">v\u1ecb \u0111\u1eafng d\u1ecbu v\u00e0 h\u1eadu chua thanh tinh t\u1ebf<\/strong>.<\/p>\n<p data-start=\"550\" data-end=\"729\">\u0110\u00e2y l\u00e0 d\u00f2ng c\u00e0 ph\u00ea \u0111\u01b0\u1ee3c gi\u1edbi s\u00e0nh c\u00e0 ph\u00ea y\u00eau th\u00edch b\u1edfi <strong data-start=\"605\" data-end=\"656\">s\u1ef1 c\u00e2n b\u1eb1ng ho\u00e0n h\u1ea3o gi\u1eefa h\u01b0\u01a1ng th\u01a1m v\u00e0 v\u1ecb gi\u00e1c<\/strong>, mang \u0111\u1ebfn tr\u1ea3i nghi\u1ec7m nh\u1eb9 nh\u00e0ng nh\u01b0ng s\u00e2u l\u1eafng trong t\u1eebng ng\u1ee5m c\u00e0 ph\u00ea.<\/p>","protected":false},"excerpt":{"rendered":"<p>C\u00e0 Ph\u00ea Arabica \u2013 \u0110\u1eb7c tr\u01b0ng c\u1ee7a v\u00f9ng L\u00e2m \u0110\u1ed3ng C\u00e0 ph\u00ea Arabica \u0111\u01b0\u1ee3c tr\u1ed3ng tr\u00ean nh\u1eefng tri\u1ec1n \u0111\u1ed3i cao nguy\u00ean L\u00e2m \u0110\u1ed3ng \u2013 n\u01a1i kh\u00ed h\u1eadu m\u00e1t m\u1ebb quanh n\u0103m v\u00e0 \u0111\u1ea5t bazan m\u00e0u m\u1ee1, t\u1ea1o n\u00ean h\u01b0\u01a1ng v\u1ecb \u0111\u1eb7c tr\u01b0ng kh\u00f4ng th\u1ec3 nh\u1ea7m l\u1eabn. H\u1ea1t c\u00e0 ph\u00ea Arabica c\u00f3 d\u00e1ng thon d\u00e0i, m\u00e0u [&#8230;]\n","protected":false},"featured_media":8138,"comment_status":"open","ping_status":"closed","template":"","meta":{"_acf_changed":false},"product_brand":[368],"product_cat":[191],"product_tag":[],"class_list":{"0":"post-8139","1":"product","2":"type-product","3":"status-publish","4":"has-post-thumbnail","6":"product_brand-phuong-nguyen","7":"product_cat-ca-phe-hat","9":"first","10":"instock","11":"shipping-taxable","12":"product-type-simple"},"acf":[],"_links":{"self":[{"href":"https:\/\/huongphung.sagomedia.vn\/en\/wp-json\/wp\/v2\/product\/8139","targetHints":{"allow":["GET"]}}],"collection":[{"href":"https:\/\/huongphung.sagomedia.vn\/en\/wp-json\/wp\/v2\/product"}],"about":[{"href":"https:\/\/huongphung.sagomedia.vn\/en\/wp-json\/wp\/v2\/types\/product"}],"replies":[{"embeddable":true,"href":"https:\/\/huongphung.sagomedia.vn\/en\/wp-json\/wp\/v2\/comments?post=8139"}],"wp:featuredmedia":[{"embeddable":true,"href":"https:\/\/huongphung.sagomedia.vn\/en\/wp-json\/wp\/v2\/media\/8138"}],"wp:attachment":[{"href":"https:\/\/huongphung.sagomedia.vn\/en\/wp-json\/wp\/v2\/media?parent=8139"}],"wp:term":[{"taxonomy":"product_brand","embeddable":true,"href":"https:\/\/huongphung.sagomedia.vn\/en\/wp-json\/wp\/v2\/product_brand?post=8139"},{"taxonomy":"product_cat","embeddable":true,"href":"https:\/\/huongphung.sagomedia.vn\/en\/wp-json\/wp\/v2\/product_cat?post=8139"},{"taxonomy":"product_tag","embeddable":true,"href":"https:\/\/huongphung.sagomedia.vn\/en\/wp-json\/wp\/v2\/product_tag?post=8139"}],"curies":[{"name":"wp","href":"https:\/\/api.w.org\/{rel}","templated":true}]}}