{"id":8135,"date":"2025-11-12T22:40:42","date_gmt":"2025-11-12T15:40:42","guid":{"rendered":"https:\/\/huongphung.sagomedia.vn\/san-pham\/ca-phe-chon-cao-cap\/"},"modified":"2025-11-13T16:12:30","modified_gmt":"2025-11-13T09:12:30","slug":"ca-phe-chon-nguyen-rin","status":"publish","type":"product","link":"https:\/\/huongphung.sagomedia.vn\/en\/ca-phe-chon-nguyen-rin\/","title":{"rendered":"Weasel coffee is raw, rin"},"content":{"rendered":"<p data-start=\"187\" data-end=\"267\"><strong data-start=\"191\" data-end=\"267\">Weasel Coffee is Raw, Rin \u2013 essence from nature, peak flavor Vietnam<\/strong><\/p>\n<p data-start=\"269\" data-end=\"700\">Weasel coffee is Raw, Rin is one of a kind coffee rare and the most exquisite. The coffee beans are carefully selected from highland fertile, is <strong data-start=\"438\" data-end=\"506\">skunk aroma natural and discharged after fermentation bio<\/strong> in the stomach. Thanks to the special enzyme, coffee beans undergo the transformation magic \u2013 reduce astringency, bitter bitter, at the same time developing <strong data-start=\"637\" data-end=\"697\">seductive scent mixed with chocolate, caramel and honey<\/strong>.<\/p>\n<p data-start=\"702\" data-end=\"1006\">After picking up each bead is <strong data-start=\"734\" data-end=\"788\">clean, dried, roasted to the perfect ripeness<\/strong>, keep the whole essence original. The finished product is coffee, weasel with <strong data-start=\"853\" data-end=\"926\">the slightly bitter, sweet, deep, fragrant and class crema smooth<\/strong> \u2013 experience elegance and class for gourmet coffee food consumption.<\/p>\n<p data-start=\"1008\" data-end=\"1137\">Weasel coffee is Raw, Rin not only as a drink, which is also <strong data-start=\"1069\" data-end=\"1134\">icon of sophistication, classy and passionate Vietnamese coffee<\/strong>.<\/p>","protected":false},"excerpt":{"rendered":"<p>C\u00e0 Ph\u00ea Ch\u1ed3n Nguy\u00ean Rin \u2013 Tinh t\u00fay t\u1eeb thi\u00ean nhi\u00ean, \u0111\u1ec9nh cao h\u01b0\u01a1ng v\u1ecb Vi\u1ec7t C\u00e0 ph\u00ea Ch\u1ed3n Nguy\u00ean Rin \u0111\u01b0\u1ee3c xem l\u00e0 m\u1ed9t trong nh\u1eefng lo\u1ea1i c\u00e0 ph\u00ea qu\u00fd hi\u1ebfm v\u00e0 tinh t\u1ebf b\u1eadc nh\u1ea5t. Nh\u1eefng h\u1ea1t c\u00e0 ph\u00ea \u0111\u01b0\u1ee3c ch\u1ecdn l\u1ecdc k\u1ef9 l\u01b0\u1ee1ng t\u1eeb v\u00f9ng \u0111\u1ea5t T\u00e2y Nguy\u00ean m\u00e0u m\u1ee1, \u0111\u01b0\u1ee3c ch\u1ed3n [&#8230;]\n","protected":false},"featured_media":8134,"comment_status":"open","ping_status":"closed","template":"","meta":{"_acf_changed":false},"product_brand":[368],"product_cat":[191],"product_tag":[],"class_list":{"0":"post-8135","1":"product","2":"type-product","3":"status-publish","4":"has-post-thumbnail","6":"product_brand-phuong-nguyen","7":"product_cat-ca-phe-hat","9":"first","10":"instock","11":"shipping-taxable","12":"product-type-simple"},"acf":[],"_links":{"self":[{"href":"https:\/\/huongphung.sagomedia.vn\/en\/wp-json\/wp\/v2\/product\/8135","targetHints":{"allow":["GET"]}}],"collection":[{"href":"https:\/\/huongphung.sagomedia.vn\/en\/wp-json\/wp\/v2\/product"}],"about":[{"href":"https:\/\/huongphung.sagomedia.vn\/en\/wp-json\/wp\/v2\/types\/product"}],"replies":[{"embeddable":true,"href":"https:\/\/huongphung.sagomedia.vn\/en\/wp-json\/wp\/v2\/comments?post=8135"}],"wp:featuredmedia":[{"embeddable":true,"href":"https:\/\/huongphung.sagomedia.vn\/en\/wp-json\/wp\/v2\/media\/8134"}],"wp:attachment":[{"href":"https:\/\/huongphung.sagomedia.vn\/en\/wp-json\/wp\/v2\/media?parent=8135"}],"wp:term":[{"taxonomy":"product_brand","embeddable":true,"href":"https:\/\/huongphung.sagomedia.vn\/en\/wp-json\/wp\/v2\/product_brand?post=8135"},{"taxonomy":"product_cat","embeddable":true,"href":"https:\/\/huongphung.sagomedia.vn\/en\/wp-json\/wp\/v2\/product_cat?post=8135"},{"taxonomy":"product_tag","embeddable":true,"href":"https:\/\/huongphung.sagomedia.vn\/en\/wp-json\/wp\/v2\/product_tag?post=8135"}],"curies":[{"name":"wp","href":"https:\/\/api.w.org\/{rel}","templated":true}]}}