{"id":5737,"date":"2025-09-04T10:39:52","date_gmt":"2025-09-04T03:39:52","guid":{"rendered":"https:\/\/hydramax.sagomedia.vn\/?page_id=5737"},"modified":"2025-10-22T16:14:44","modified_gmt":"2025-10-22T09:14:44","slug":"chinh-sach-van-chuyen","status":"publish","type":"page","link":"https:\/\/huongphung.sagomedia.vn\/en\/chinh-sach-van-chuyen\/","title":{"rendered":"Shipping policy"},"content":{"rendered":"<p data-start=\"267\" data-end=\"497\">To ensure all products coffee, Local Resources are delivered to You quickly, safely and in the right quality, <strong data-start=\"379\" data-end=\"421\">CO., LTD. BUSINESS COFFEE PHUONG NGUYEN<\/strong> apply shipping policy flexibility, serve customers across the country.<\/p>\n<h3 data-start=\"504\" data-end=\"532\">1. Scope of delivery<\/h3>\n<p data-start=\"534\" data-end=\"614\">Phuong Nguyen is deployed delivery throughout the territory of Vietnam through:<\/p>\n<ul data-start=\"615\" data-end=\"794\">\n<li data-start=\"615\" data-end=\"698\">\n<p data-start=\"617\" data-end=\"698\"><strong data-start=\"617\" data-end=\"648\">Delivery team directly<\/strong> in the region of Da Nang, Hoi An and ho chi minh CITY. Ho Chi Minh City.<\/p>\n<\/li>\n<li data-start=\"699\" data-end=\"794\">\n<p data-start=\"701\" data-end=\"794\"><strong data-start=\"701\" data-end=\"730\">Partner reputable shipping<\/strong> (VNPost, GHTK, Viettel Post, J&amp;T, etc.) for other areas.<\/p>\n<\/li>\n<\/ul>\n<p data-start=\"796\" data-end=\"868\">Customers can be assured on-time and quality delivery of goods.<\/p>\n<h3 data-start=\"875\" data-end=\"905\">2. Delivery time<\/h3>\n<ul data-start=\"907\" data-end=\"1162\">\n<li data-start=\"907\" data-end=\"981\">\n<p data-start=\"909\" data-end=\"981\">Region <strong data-start=\"917\" data-end=\"947\">inner city Da Nang &amp; Hoi An<\/strong>: delivery within <strong data-start=\"965\" data-end=\"978\">24-48 hours<\/strong>.<\/p>\n<\/li>\n<li data-start=\"982\" data-end=\"1060\">\n<p data-start=\"984\" data-end=\"1060\">Region <strong data-start=\"992\" data-end=\"1034\">Ho chi minh CITY. Ho Chi Minh city and the Central provinces<\/strong>: <strong data-start=\"1036\" data-end=\"1057\">2-4 working days<\/strong>.<\/p>\n<\/li>\n<li data-start=\"1061\" data-end=\"1162\">\n<p data-start=\"1063\" data-end=\"1162\">Region <strong data-start=\"1071\" data-end=\"1098\">North and South away<\/strong>: <strong data-start=\"1100\" data-end=\"1121\">3-7 working days<\/strong>, depending on the location and form of transport.<\/p>\n<\/li>\n<\/ul>\n<h3 data-start=\"1169\" data-end=\"1194\">3. Free shipping<\/h3>\n<ul data-start=\"1196\" data-end=\"1459\">\n<li data-start=\"1196\" data-end=\"1302\">\n<p data-start=\"1198\" data-end=\"1302\"><strong data-start=\"1198\" data-end=\"1220\">Free delivery<\/strong> for orders from <strong data-start=\"1237\" data-end=\"1257\">500,000 and above<\/strong> (apply area of Da Nang, Hoi An, ho chi minh CITY.CITY).<\/p>\n<\/li>\n<li data-start=\"1303\" data-end=\"1459\">\n<p data-start=\"1305\" data-end=\"1459\">With orders less than or sent province <strong data-start=\"1344\" data-end=\"1362\">free shipping<\/strong> is calculated according to <strong data-start=\"1378\" data-end=\"1412\">fee schedule of shipping units<\/strong> and will be informed in advance when confirm the menu.<\/p>\n<\/li>\n<\/ul>\n<p>&nbsp;<\/p>","protected":false},"excerpt":{"rendered":"<p>Nh\u1eb1m \u0111\u1ea3m b\u1ea3o m\u1ecdi s\u1ea3n ph\u1ea9m c\u00e0 ph\u00ea Ph\u01b0\u01a1ng Nguy\u00ean \u0111\u01b0\u1ee3c giao \u0111\u1ebfn Qu\u00fd kh\u00e1ch nhanh ch\u00f3ng, an to\u00e0n v\u00e0 \u0111\u00fang ch\u1ea5t l\u01b0\u1ee3ng, C\u00d4NG TY TNHH SXKD C\u00c0 PH\u00ca PH\u01af\u01a0NG NGUY\u00caN \u00e1p d\u1ee5ng ch\u00ednh s\u00e1ch v\u1eadn chuy\u1ec3n linh ho\u1ea1t, ph\u1ee5c v\u1ee5 kh\u00e1ch h\u00e0ng tr\u00ean to\u00e0n qu\u1ed1c. 1. Ph\u1ea1m vi giao h\u00e0ng Ph\u01b0\u01a1ng Nguy\u00ean hi\u1ec7n tri\u1ec3n [&#8230;]\n","protected":false},"author":1,"featured_media":0,"parent":0,"menu_order":0,"comment_status":"closed","ping_status":"closed","template":"","meta":{"_acf_changed":false,"footnotes":""},"class_list":["post-5737","page","type-page","status-publish","hentry"],"acf":[],"_links":{"self":[{"href":"https:\/\/huongphung.sagomedia.vn\/en\/wp-json\/wp\/v2\/pages\/5737","targetHints":{"allow":["GET"]}}],"collection":[{"href":"https:\/\/huongphung.sagomedia.vn\/en\/wp-json\/wp\/v2\/pages"}],"about":[{"href":"https:\/\/huongphung.sagomedia.vn\/en\/wp-json\/wp\/v2\/types\/page"}],"author":[{"embeddable":true,"href":"https:\/\/huongphung.sagomedia.vn\/en\/wp-json\/wp\/v2\/users\/1"}],"replies":[{"embeddable":true,"href":"https:\/\/huongphung.sagomedia.vn\/en\/wp-json\/wp\/v2\/comments?post=5737"}],"version-history":[{"count":3,"href":"https:\/\/huongphung.sagomedia.vn\/en\/wp-json\/wp\/v2\/pages\/5737\/revisions"}],"predecessor-version":[{"id":8351,"href":"https:\/\/huongphung.sagomedia.vn\/en\/wp-json\/wp\/v2\/pages\/5737\/revisions\/8351"}],"wp:attachment":[{"href":"https:\/\/huongphung.sagomedia.vn\/en\/wp-json\/wp\/v2\/media?parent=5737"}],"curies":[{"name":"wp","href":"https:\/\/api.w.org\/{rel}","templated":true}]}}