{"id":529,"date":"2018-12-20T20:43:01","date_gmt":"2018-12-20T13:43:01","guid":{"rendered":"https:\/\/nguyengiaplastic.com\/?page_id=529"},"modified":"2025-11-07T09:58:25","modified_gmt":"2025-11-07T02:58:25","slug":"huong-dan-mua-hang","status":"publish","type":"page","link":"https:\/\/huongphung.sagomedia.vn\/en\/huong-dan-mua-hang\/","title":{"rendered":"Shopping guide"},"content":{"rendered":"<p data-start=\"591\" data-end=\"923\">C\u1ea3m \u01a1n Qu\u00fd kh\u00e1ch \u0111\u00e3 quan t\u00e2m \u0111\u1ebfn s\u1ea3n ph\u1ea9m c\u1ee7a <strong data-start=\"637\" data-end=\"672\">C\u00d4NG TY TNHH SXKD PH\u01af\u01a0NG NGUY\u00caN<\/strong> \u2013 th\u01b0\u01a1ng hi\u1ec7u c\u00e0 ph\u00ea Vi\u1ec7t uy t\u00edn, \u0111\u1ed3ng h\u00e0nh c\u00f9ng h\u01a1n 2000 \u0111\u1ed1i t\u00e1c v\u00e0 kh\u00e1ch h\u00e0ng tr\u00ean to\u00e0n qu\u1ed1c.<br data-start=\"769\" data-end=\"772\" \/>Hi\u1ec7n t\u1ea1i, h\u1ec7 th\u1ed1ng website c\u1ee7a ch\u00fang t\u00f4i t\u1ea1m <strong data-start=\"817\" data-end=\"855\">ng\u1eebng t\u00ednh n\u0103ng \u0111\u1eb7t h\u00e0ng tr\u1ef1c ti\u1ebfp<\/strong>, tuy nhi\u00ean Qu\u00fd kh\u00e1ch v\u1eabn c\u00f3 th\u1ec3 d\u1ec5 d\u00e0ng mua h\u00e0ng theo c\u00e1c c\u00e1ch sau:<\/p>\n<h3 data-start=\"930\" data-end=\"981\">1. \u0110\u1eb7t h\u00e0ng nhanh qua Hotline ho\u1eb7c Zalo<\/h3>\n<ul data-start=\"983\" data-end=\"1230\">\n<li data-start=\"983\" data-end=\"1049\">\n<p data-start=\"985\" data-end=\"1049\">G\u1ecdi tr\u1ef1c ti\u1ebfp ho\u1eb7c nh\u1eafn tin qua <strong data-start=\"1017\" data-end=\"1047\">T\u1ed5ng \u0111\u00e0i: 02363 764369 &#8211; 02363 764 367 ho\u1eb7c\u00a0 Zalo: 0905 14 34 14<\/strong><\/p>\n<\/li>\n<li data-start=\"1050\" data-end=\"1119\">\n<p data-start=\"1052\" data-end=\"1119\">Cung c\u1ea5p th\u00f4ng tin s\u1ea3n ph\u1ea9m c\u1ea7n mua, s\u1ed1 l\u01b0\u1ee3ng, \u0111\u1ecba ch\u1ec9 nh\u1eadn h\u00e0ng.<\/p>\n<\/li>\n<li data-start=\"1120\" data-end=\"1230\">\n<p data-start=\"1122\" data-end=\"1230\">Nh\u00e2n vi\u00ean Ph\u01b0\u01a1ng Nguy\u00ean s\u1ebd <strong data-start=\"1149\" data-end=\"1202\">x\u00e1c nh\u1eadn \u0111\u01a1n h\u00e0ng, b\u00e1o gi\u00e1 v\u00e0 th\u1eddi gian giao h\u00e0ng<\/strong> trong th\u1eddi gian s\u1edbm nh\u1ea5t.<\/p>\n<\/li>\n<\/ul>\n<h3 data-start=\"1237\" data-end=\"1287\">2. \u0110\u1eb7t h\u00e0ng qua Email ho\u1eb7c Form li\u00ean h\u1ec7<\/h3>\n<ul data-start=\"1289\" data-end=\"1492\">\n<li data-start=\"1289\" data-end=\"1340\">\n<p data-start=\"1291\" data-end=\"1340\">G\u1eedi email \u0111\u1ebfn: <strong data-start=\"1306\" data-end=\"1338\">info@phuongnguyen.vn<\/strong><\/p>\n<\/li>\n<li data-start=\"1341\" data-end=\"1429\">\n<p data-start=\"1343\" data-end=\"1429\">N\u1ed9i dung g\u1ed3m: t\u00ean s\u1ea3n ph\u1ea9m, s\u1ed1 l\u01b0\u1ee3ng, th\u00f4ng tin ng\u01b0\u1eddi nh\u1eadn v\u00e0 s\u1ed1 \u0111i\u1ec7n tho\u1ea1i li\u00ean h\u1ec7.<\/p>\n<\/li>\n<li data-start=\"1430\" data-end=\"1492\">\n<p data-start=\"1432\" data-end=\"1492\">B\u1ed9 ph\u1eadn b\u00e1n h\u00e0ng s\u1ebd ph\u1ea3n h\u1ed3i v\u00e0 h\u01b0\u1edbng d\u1eabn ho\u00e0n t\u1ea5t \u0111\u01a1n h\u00e0ng.<\/p>\n<\/li>\n<\/ul>\n<h3 data-start=\"1499\" data-end=\"1556\">3. Mua h\u00e0ng tr\u1ef1c ti\u1ebfp t\u1ea1i showroom ho\u1eb7c \u0111\u1ea1i l\u00fd<\/h3>\n<ul data-start=\"1558\" data-end=\"1761\">\n<li data-start=\"1558\" data-end=\"1679\">\n<p data-start=\"1560\" data-end=\"1679\">Qu\u00fd kh\u00e1ch c\u00f3 th\u1ec3 gh\u00e9 th\u0103m <strong data-start=\"1586\" data-end=\"1612\">Showroom Ph\u01b0\u01a1ng Nguy\u00ean<\/strong> t\u1ea1i:<br data-start=\"1617\" data-end=\"1620\" \/>Lot 07 Zone A2, Nguyen Sinh Sac street, Hoa Khanh, ho chi minh CITY. Da Nang<\/p>\n<\/li>\n<li data-start=\"1680\" data-end=\"1761\">\n<p data-start=\"1682\" data-end=\"1761\">Ho\u1eb7c li\u00ean h\u1ec7 \u0111\u1ec3 \u0111\u01b0\u1ee3c gi\u1edbi thi\u1ec7u <strong data-start=\"1714\" data-end=\"1745\">\u0111\u1ea1i l\u00fd \u2013 chi nh\u00e1nh g\u1ea7n nh\u1ea5t<\/strong> across the country.<\/p>\n<\/li>\n<\/ul>","protected":false},"excerpt":{"rendered":"<p>C\u1ea3m \u01a1n Qu\u00fd kh\u00e1ch \u0111\u00e3 quan t\u00e2m \u0111\u1ebfn s\u1ea3n ph\u1ea9m c\u1ee7a C\u00d4NG TY TNHH SXKD PH\u01af\u01a0NG NGUY\u00caN \u2013 th\u01b0\u01a1ng hi\u1ec7u c\u00e0 ph\u00ea Vi\u1ec7t uy t\u00edn, \u0111\u1ed3ng h\u00e0nh c\u00f9ng h\u01a1n 2000 \u0111\u1ed1i t\u00e1c v\u00e0 kh\u00e1ch h\u00e0ng tr\u00ean to\u00e0n qu\u1ed1c.Hi\u1ec7n t\u1ea1i, h\u1ec7 th\u1ed1ng website c\u1ee7a ch\u00fang t\u00f4i t\u1ea1m ng\u1eebng t\u00ednh n\u0103ng \u0111\u1eb7t h\u00e0ng tr\u1ef1c ti\u1ebfp, tuy nhi\u00ean [&#8230;]\n","protected":false},"author":1,"featured_media":0,"parent":0,"menu_order":0,"comment_status":"closed","ping_status":"closed","template":"","meta":{"_acf_changed":false,"footnotes":""},"class_list":["post-529","page","type-page","status-publish","hentry"],"acf":[],"_links":{"self":[{"href":"https:\/\/huongphung.sagomedia.vn\/en\/wp-json\/wp\/v2\/pages\/529","targetHints":{"allow":["GET"]}}],"collection":[{"href":"https:\/\/huongphung.sagomedia.vn\/en\/wp-json\/wp\/v2\/pages"}],"about":[{"href":"https:\/\/huongphung.sagomedia.vn\/en\/wp-json\/wp\/v2\/types\/page"}],"author":[{"embeddable":true,"href":"https:\/\/huongphung.sagomedia.vn\/en\/wp-json\/wp\/v2\/users\/1"}],"replies":[{"embeddable":true,"href":"https:\/\/huongphung.sagomedia.vn\/en\/wp-json\/wp\/v2\/comments?post=529"}],"version-history":[{"count":6,"href":"https:\/\/huongphung.sagomedia.vn\/en\/wp-json\/wp\/v2\/pages\/529\/revisions"}],"predecessor-version":[{"id":8562,"href":"https:\/\/huongphung.sagomedia.vn\/en\/wp-json\/wp\/v2\/pages\/529\/revisions\/8562"}],"wp:attachment":[{"href":"https:\/\/huongphung.sagomedia.vn\/en\/wp-json\/wp\/v2\/media?parent=529"}],"curies":[{"name":"wp","href":"https:\/\/api.w.org\/{rel}","templated":true}]}}