{"id":4960,"date":"2025-08-19T17:00:17","date_gmt":"2025-08-19T10:00:17","guid":{"rendered":"https:\/\/hydramax.sagomedia.vn\/?page_id=4960"},"modified":"2025-10-22T16:09:03","modified_gmt":"2025-10-22T09:09:03","slug":"hinh-thuc-thanh-toan","status":"publish","type":"page","link":"https:\/\/huongphung.sagomedia.vn\/en\/hinh-thuc-thanh-toan\/","title":{"rendered":"Form of payment"},"content":{"rendered":"<p data-start=\"265\" data-end=\"521\">C\u1ea3m \u01a1n Qu\u00fd Kh\u00e1ch \u0111\u00e3 tin t\u01b0\u1edfng v\u00e0 l\u1ef1a ch\u1ecdn s\u1ea3n ph\u1ea9m c\u1ee7a <strong data-start=\"320\" data-end=\"362\">CO., LTD. BUSINESS COFFEE PHUONG NGUYEN<\/strong>.<br data-start=\"363\" data-end=\"366\" \/>\u0110\u1ec3 thu\u1eadn ti\u1ec7n trong giao d\u1ecbch v\u00e0 \u0111\u1ea3m b\u1ea3o t\u00ednh minh b\u1ea1ch, ch\u00fang t\u00f4i cung c\u1ea5p <strong data-start=\"442\" data-end=\"482\">nhi\u1ec1u h\u00ecnh th\u1ee9c thanh to\u00e1n linh ho\u1ea1t<\/strong> ph\u00f9 h\u1ee3p v\u1edbi t\u1eebng \u0111\u1ed1i t\u01b0\u1ee3ng kh\u00e1ch h\u00e0ng.<\/p>\n<h3 data-start=\"528\" data-end=\"575\">1. Thanh to\u00e1n chuy\u1ec3n kho\u1ea3n ng\u00e2n h\u00e0ng<\/h3>\n<p data-start=\"577\" data-end=\"654\">Qu\u00fd kh\u00e1ch c\u00f3 th\u1ec3 chuy\u1ec3n kho\u1ea3n tr\u1ef1c ti\u1ebfp v\u00e0o m\u1ed9t trong c\u00e1c t\u00e0i kho\u1ea3n d\u01b0\u1edbi \u0111\u00e2y:<\/p>\n<p data-start=\"656\" data-end=\"693\"><strong data-start=\"656\" data-end=\"691\">C\u00d4NG TY TNHH SXKD PH\u01af\u01a0NG NGUY\u00caN<\/strong><\/p>\n<ul data-start=\"694\" data-end=\"754\">\n<li data-start=\"694\" data-end=\"754\">\n<p data-start=\"696\" data-end=\"754\"><strong data-start=\"696\" data-end=\"738\">Certificate of business registration number:<\/strong> 040 161 3 772<\/p>\n<\/li>\n<\/ul>\n<p data-start=\"756\" data-end=\"780\"><strong data-start=\"756\" data-end=\"778\">T\u00e0i kho\u1ea3n c\u00f4ng ty:<\/strong><\/p>\n<ul data-start=\"781\" data-end=\"867\">\n<li data-start=\"781\" data-end=\"867\">\n<p data-start=\"783\" data-end=\"867\"><strong data-start=\"783\" data-end=\"800\">S\u1ed1 t\u00e0i kho\u1ea3n:<\/strong> 2003 2010 87507<br data-start=\"816\" data-end=\"819\" \/><strong data-start=\"821\" data-end=\"867\">Ng\u00e2n h\u00e0ng Agribank \u2013 Chi nh\u00e1nh TP. \u0110\u00e0 N\u1eb5ng<\/strong><\/p>\n<\/li>\n<\/ul>\n<p data-start=\"869\" data-end=\"893\"><strong data-start=\"869\" data-end=\"891\">T\u00e0i kho\u1ea3n c\u00e1 nh\u00e2n:<\/strong><\/p>\n<ul data-start=\"894\" data-end=\"1106\">\n<li data-start=\"894\" data-end=\"1106\">\n<p data-start=\"896\" data-end=\"933\"><strong data-start=\"896\" data-end=\"914\">Ch\u1ee7 t\u00e0i kho\u1ea3n:<\/strong> NGUY\u1ec4N V\u0102N HO\u00c0NG<\/p>\n<ul data-start=\"936\" data-end=\"1106\">\n<li data-start=\"936\" data-end=\"1015\">\n<p data-start=\"938\" data-end=\"1015\"><strong data-start=\"938\" data-end=\"955\">S\u1ed1 t\u00e0i kho\u1ea3n:<\/strong> 2001979797979 \u2013 Ng\u00e2n h\u00e0ng Agribank, Chi nh\u00e1nh Nam \u0110\u00e0 N\u1eb5ng<\/p>\n<\/li>\n<li data-start=\"1018\" data-end=\"1106\">\n<p data-start=\"1020\" data-end=\"1106\"><strong data-start=\"1020\" data-end=\"1037\">S\u1ed1 t\u00e0i kho\u1ea3n:<\/strong> 9305927 \u2013 Ng\u00e2n h\u00e0ng \u00c1 Ch\u00e2u (ACB), Chi nh\u00e1nh Thanh Kh\u00ea, TP. \u0110\u00e0 N\u1eb5ng<\/p>\n<\/li>\n<\/ul>\n<\/li>\n<\/ul>\n<p data-start=\"1108\" data-end=\"1249\">\ud83d\udccc <strong data-start=\"1111\" data-end=\"1121\">L\u01b0u \u00fd:<\/strong><br data-start=\"1121\" data-end=\"1124\" \/>Khi chuy\u1ec3n kho\u1ea3n, Qu\u00fd kh\u00e1ch vui l\u00f2ng ghi r\u00f5 <strong data-start=\"1168\" data-end=\"1214\">h\u1ecd t\u00ean \/ s\u1ed1 \u0111\u01a1n h\u00e0ng \/ n\u1ed9i dung thanh to\u00e1n<\/strong> \u0111\u1ec3 ch\u00fang t\u00f4i x\u00e1c nh\u1eadn nhanh ch\u00f3ng.<\/p>\n<h3 data-start=\"1256\" data-end=\"1289\">2. Thanh to\u00e1n ti\u1ec1n m\u1eb7t<\/h3>\n<ul data-start=\"1291\" data-end=\"1477\">\n<li data-start=\"1291\" data-end=\"1375\">\n<p data-start=\"1293\" data-end=\"1375\">\u00c1p d\u1ee5ng cho kh\u00e1ch h\u00e0ng <strong data-start=\"1316\" data-end=\"1372\">mua tr\u1ef1c ti\u1ebfp t\u1ea1i showroom ho\u1eb7c \u0111\u1ea1i l\u00fd Ph\u01b0\u01a1ng Nguy\u00ean<\/strong>.<\/p>\n<\/li>\n<li data-start=\"1376\" data-end=\"1477\">\n<p data-start=\"1378\" data-end=\"1477\">Nh\u00e2n vi\u00ean s\u1ebd xu\u1ea5t <strong data-start=\"1396\" data-end=\"1416\">h\u00f3a \u0111\u01a1n b\u00e1n h\u00e0ng<\/strong> and <strong data-start=\"1420\" data-end=\"1444\">bi\u00ean nh\u1eadn thanh to\u00e1n<\/strong> ngay sau khi giao d\u1ecbch ho\u00e0n t\u1ea5t.<\/p>\n<\/li>\n<\/ul>\n<h3 data-start=\"1484\" data-end=\"1528\">3. Thanh to\u00e1n khi nh\u1eadn h\u00e0ng (COD)<\/h3>\n<ul data-start=\"1530\" data-end=\"1734\">\n<li data-start=\"1530\" data-end=\"1567\">\n<p data-start=\"1532\" data-end=\"1567\">\u00c1p d\u1ee5ng cho <strong data-start=\"1544\" data-end=\"1564\">\u0111\u01a1n h\u00e0ng n\u1ed9i \u0111\u1ecba<\/strong>.<\/p>\n<\/li>\n<li data-start=\"1568\" data-end=\"1662\">\n<p data-start=\"1570\" data-end=\"1662\">Qu\u00fd kh\u00e1ch thanh to\u00e1n <strong data-start=\"1591\" data-end=\"1625\">ti\u1ec1n m\u1eb7t cho \u0111\u01a1n v\u1ecb v\u1eadn chuy\u1ec3n<\/strong> khi nh\u1eadn h\u00e0ng t\u1ea1i \u0111\u1ecba ch\u1ec9 \u0111\u0103ng k\u00fd.<\/p>\n<\/li>\n<li data-start=\"1663\" data-end=\"1734\">\n<p data-start=\"1665\" data-end=\"1734\">Vui l\u00f2ng ki\u1ec3m tra h\u00e0ng h\u00f3a tr\u01b0\u1edbc khi thanh to\u00e1n \u0111\u1ec3 \u0111\u1ea3m b\u1ea3o quy\u1ec1n l\u1ee3i.<\/p>\n<\/li>\n<\/ul>\n<p data-start=\"1785\" data-end=\"1918\">","protected":false},"excerpt":{"rendered":"<p>C\u1ea3m \u01a1n Qu\u00fd Kh\u00e1ch \u0111\u00e3 tin t\u01b0\u1edfng v\u00e0 l\u1ef1a ch\u1ecdn s\u1ea3n ph\u1ea9m c\u1ee7a C\u00d4NG TY TNHH SXKD C\u00c0 PH\u00ca PH\u01af\u01a0NG NGUY\u00caN.\u0110\u1ec3 thu\u1eadn ti\u1ec7n trong giao d\u1ecbch v\u00e0 \u0111\u1ea3m b\u1ea3o t\u00ednh minh b\u1ea1ch, ch\u00fang t\u00f4i cung c\u1ea5p nhi\u1ec1u h\u00ecnh th\u1ee9c thanh to\u00e1n linh ho\u1ea1t ph\u00f9 h\u1ee3p v\u1edbi t\u1eebng \u0111\u1ed1i t\u01b0\u1ee3ng kh\u00e1ch h\u00e0ng. 1. Thanh to\u00e1n chuy\u1ec3n [&#8230;]\n","protected":false},"author":1,"featured_media":0,"parent":0,"menu_order":0,"comment_status":"closed","ping_status":"closed","template":"","meta":{"_acf_changed":false,"footnotes":""},"class_list":["post-4960","page","type-page","status-publish","hentry"],"acf":[],"_links":{"self":[{"href":"https:\/\/huongphung.sagomedia.vn\/en\/wp-json\/wp\/v2\/pages\/4960","targetHints":{"allow":["GET"]}}],"collection":[{"href":"https:\/\/huongphung.sagomedia.vn\/en\/wp-json\/wp\/v2\/pages"}],"about":[{"href":"https:\/\/huongphung.sagomedia.vn\/en\/wp-json\/wp\/v2\/types\/page"}],"author":[{"embeddable":true,"href":"https:\/\/huongphung.sagomedia.vn\/en\/wp-json\/wp\/v2\/users\/1"}],"replies":[{"embeddable":true,"href":"https:\/\/huongphung.sagomedia.vn\/en\/wp-json\/wp\/v2\/comments?post=4960"}],"version-history":[{"count":4,"href":"https:\/\/huongphung.sagomedia.vn\/en\/wp-json\/wp\/v2\/pages\/4960\/revisions"}],"predecessor-version":[{"id":8345,"href":"https:\/\/huongphung.sagomedia.vn\/en\/wp-json\/wp\/v2\/pages\/4960\/revisions\/8345"}],"wp:attachment":[{"href":"https:\/\/huongphung.sagomedia.vn\/en\/wp-json\/wp\/v2\/media?parent=4960"}],"curies":[{"name":"wp","href":"https:\/\/api.w.org\/{rel}","templated":true}]}}