{"id":4956,"date":"2025-08-19T16:59:20","date_gmt":"2025-08-19T09:59:20","guid":{"rendered":"https:\/\/hydramax.sagomedia.vn\/?page_id=4956"},"modified":"2025-10-22T16:16:48","modified_gmt":"2025-10-22T09:16:48","slug":"dieu-khoan-su-dung","status":"publish","type":"page","link":"https:\/\/huongphung.sagomedia.vn\/en\/dieu-khoan-su-dung\/","title":{"rendered":"\u0110i\u1ec1u kho\u1ea3n s\u1eed d\u1ee5ng"},"content":{"rendered":"<p data-start=\"282\" data-end=\"621\">K\u00ednh ch\u00e0o Qu\u00fd kh\u00e1ch!<br data-start=\"302\" data-end=\"305\" \/>Xin vui l\u00f2ng \u0111\u1ecdc k\u1ef9 v\u00e0 \u0111\u1ed3ng \u00fd v\u1edbi c\u00e1c \u0111i\u1ec1u kho\u1ea3n d\u01b0\u1edbi \u0111\u00e2y tr\u01b0\u1edbc khi truy c\u1eadp, tham kh\u1ea3o th\u00f4ng tin, y\u00eau c\u1ea7u t\u01b0 v\u1ea5n ho\u1eb7c li\u00ean h\u1ec7 mua h\u00e0ng tr\u00ean website <strong data-start=\"454\" data-end=\"473\">phuongnguyen.vn<\/strong>.<br data-start=\"474\" data-end=\"477\" \/>B\u1eb1ng vi\u1ec7c s\u1eed d\u1ee5ng website, Qu\u00fd kh\u00e1ch \u0111\u01b0\u1ee3c xem nh\u01b0 \u0111\u00e3 hi\u1ec3u r\u00f5 v\u00e0 ch\u1ea5p nh\u1eadn to\u00e0n b\u1ed9 c\u00e1c \u0111i\u1ec1u kho\u1ea3n c\u1ee7a <strong data-start=\"578\" data-end=\"620\">C\u00f4ng ty TNHH SXKD C\u00e0 ph\u00ea Ph\u01b0\u01a1ng Nguy\u00ean<\/strong>.<\/p>\n<h3 data-start=\"628\" data-end=\"658\">1. Ph\u1ea1m vi v\u00e0 hi\u1ec7u l\u1ef1c<\/h3>\n<p data-start=\"660\" data-end=\"963\">C\u00e1c \u0111i\u1ec1u kho\u1ea3n n\u00e0y \u0111i\u1ec1u ch\u1ec9nh vi\u1ec7c truy c\u1eadp v\u00e0 s\u1eed d\u1ee5ng n\u1ed9i dung, h\u00ecnh \u1ea3nh, d\u1ecbch v\u1ee5 v\u00e0 s\u1ea3n ph\u1ea9m \u0111\u01b0\u1ee3c \u0111\u0103ng t\u1ea3i tr\u00ean website <strong data-start=\"782\" data-end=\"801\">phuongnguyen.vn<\/strong>.<br data-start=\"802\" data-end=\"805\" \/>M\u1ecdi tranh ch\u1ea5p, khi\u1ebfu n\u1ea1i ho\u1eb7c ph\u00e1t sinh li\u00ean quan \u0111\u1ebfn vi\u1ec7c s\u1eed d\u1ee5ng website \u0111\u1ec1u tu\u00e2n theo <strong data-start=\"895\" data-end=\"962\">ph\u00e1p lu\u1eadt hi\u1ec7n h\u00e0nh c\u1ee7a n\u01b0\u1edbc C\u1ed9ng h\u00f2a X\u00e3 h\u1ed9i Ch\u1ee7 ngh\u0129a Vi\u1ec7t Nam<\/strong>.<\/p>\n<h3 data-start=\"970\" data-end=\"1014\">2. Tr\u00e1ch nhi\u1ec7m v\u1ec1 n\u1ed9i dung th\u00f4ng tin<\/h3>\n<ul data-start=\"1016\" data-end=\"1736\">\n<li data-start=\"1016\" data-end=\"1168\">\n<p data-start=\"1018\" data-end=\"1168\">Ph\u01b0\u01a1ng Nguy\u00ean cam k\u1ebft cung c\u1ea5p c\u00e1c th\u00f4ng tin, h\u00ecnh \u1ea3nh v\u00e0 n\u1ed9i dung s\u1ea3n ph\u1ea9m <strong data-start=\"1094\" data-end=\"1146\">ch\u00ednh x\u00e1c, minh b\u1ea1ch v\u00e0 \u0111\u01b0\u1ee3c ki\u1ec3m duy\u1ec7t c\u1ea9n th\u1eadn<\/strong> tr\u01b0\u1edbc khi \u0111\u0103ng t\u1ea3i.<\/p>\n<\/li>\n<li data-start=\"1169\" data-end=\"1323\">\n<p data-start=\"1171\" data-end=\"1323\">H\u00ecnh \u1ea3nh s\u1ea3n ph\u1ea9m tr\u00ean website <strong data-start=\"1202\" data-end=\"1224\">mang t\u00ednh minh h\u1ecda<\/strong>, tuy nhi\u00ean ch\u00fang t\u00f4i lu\u00f4n n\u1ed7 l\u1ef1c th\u1ec3 hi\u1ec7n <strong data-start=\"1267\" data-end=\"1296\">trung th\u1ef1c v\u00e0 r\u00f5 n\u00e9t nh\u1ea5t<\/strong> so v\u1edbi s\u1ea3n ph\u1ea9m th\u1ef1c t\u1ebf.<\/p>\n<\/li>\n<li data-start=\"1324\" data-end=\"1420\">\n<p data-start=\"1326\" data-end=\"1420\">Gi\u00e1 s\u1ea3n ph\u1ea9m \u0111\u01b0\u1ee3c ni\u00eam y\u1ebft l\u00e0 <strong data-start=\"1356\" data-end=\"1387\">gi\u00e1 b\u00e1n l\u1ebb (\u0111\u00e3 bao g\u1ed3m VAT)<\/strong> v\u00e0 \u0111\u01b0\u1ee3c c\u1eadp nh\u1eadt th\u01b0\u1eddng xuy\u00ean.<\/p>\n<\/li>\n<li data-start=\"1421\" data-end=\"1736\">\n<p data-start=\"1423\" data-end=\"1736\">Trong m\u1ed9t s\u1ed1 tr\u01b0\u1eddng h\u1ee3p \u0111\u1eb7c bi\u1ec7t (gi\u00e1 nguy\u00ean li\u1ec7u thay \u0111\u1ed5i nhanh, h\u00e0ng h\u00f3a t\u1ea1m h\u1ebft, ch\u01b0\u01a1ng tr\u00ecnh khuy\u1ebfn m\u00e3i\u2026), gi\u00e1 ni\u00eam y\u1ebft tr\u00ean website c\u00f3 th\u1ec3 kh\u00e1c so v\u1edbi th\u1eddi \u0111i\u1ec3m Qu\u00fd kh\u00e1ch \u0111\u1eb7t h\u00e0ng.<br data-start=\"1608\" data-end=\"1611\" \/>Khi \u0111\u00f3, Ph\u01b0\u01a1ng Nguy\u00ean s\u1ebd <strong data-start=\"1638\" data-end=\"1668\">ch\u1ee7 \u0111\u1ed9ng li\u00ean h\u1ec7 tr\u1ef1c ti\u1ebfp<\/strong> qua \u0111i\u1ec7n tho\u1ea1i ho\u1eb7c email \u0111\u1ec3 x\u00e1c nh\u1eadn l\u1ea1i th\u00f4ng tin ch\u00ednh x\u00e1c nh\u1ea5t.<\/p>\n<\/li>\n<\/ul>\n<h3 data-start=\"1743\" data-end=\"1794\">3. Tr\u00e1ch nhi\u1ec7m trong vi\u1ec7c cung c\u1ea5p h\u00e0ng h\u00f3a<\/h3>\n<p data-start=\"1796\" data-end=\"1827\">Ph\u01b0\u01a1ng Nguy\u00ean c\u00f3 tr\u00e1ch nhi\u1ec7m:<\/p>\n<ul data-start=\"1828\" data-end=\"2130\">\n<li data-start=\"1828\" data-end=\"1915\">\n<p data-start=\"1830\" data-end=\"1915\">Cung c\u1ea5p s\u1ea3n ph\u1ea9m <strong data-start=\"1848\" data-end=\"1882\">\u0111\u00fang ch\u1ea5t l\u01b0\u1ee3ng, \u0111\u00fang s\u1ed1 l\u01b0\u1ee3ng<\/strong> and <strong data-start=\"1886\" data-end=\"1912\">\u0111\u00fang th\u1eddi gian cam k\u1ebft<\/strong>.<\/p>\n<\/li>\n<li data-start=\"1916\" data-end=\"2028\">\n<p data-start=\"1918\" data-end=\"2028\">Th\u1ef1c hi\u1ec7n giao h\u00e0ng theo th\u00f4ng tin \u0111\u00e3 th\u1ed1ng nh\u1ea5t v\u1edbi kh\u00e1ch h\u00e0ng qua email, \u0111i\u1ec7n tho\u1ea1i ho\u1eb7c h\u1ee3p \u0111\u1ed3ng mua b\u00e1n.<\/p>\n<\/li>\n<li data-start=\"2029\" data-end=\"2130\">\n<p data-start=\"2031\" data-end=\"2130\">\u0110\u1ea3m b\u1ea3o s\u1ea3n ph\u1ea9m \u0111\u01b0\u1ee3c b\u1ea3o qu\u1ea3n v\u00e0 v\u1eadn chuy\u1ec3n trong \u0111i\u1ec1u ki\u1ec7n t\u1ed1t nh\u1ea5t tr\u01b0\u1edbc khi \u0111\u1ebfn tay kh\u00e1ch h\u00e0ng.<\/p>\n<\/li>\n<\/ul>\n<h3 data-start=\"2137\" data-end=\"2184\">4. Ngh\u0129a v\u1ee5 v\u00e0 quy\u1ec1n l\u1ee3i c\u1ee7a kh\u00e1ch h\u00e0ng<\/h3>\n<p data-start=\"2186\" data-end=\"2257\">Khi s\u1eed d\u1ee5ng website v\u00e0 d\u1ecbch v\u1ee5 c\u1ee7a Ph\u01b0\u01a1ng Nguy\u00ean, Qu\u00fd kh\u00e1ch vui l\u00f2ng:<\/p>\n<ul data-start=\"2258\" data-end=\"2609\">\n<li data-start=\"2258\" data-end=\"2345\">\n<p data-start=\"2260\" data-end=\"2345\">Cung c\u1ea5p <strong data-start=\"2269\" data-end=\"2300\">th\u00f4ng tin ch\u00ednh x\u00e1c, \u0111\u1ea7y \u0111\u1ee7<\/strong> khi li\u00ean h\u1ec7, y\u00eau c\u1ea7u t\u01b0 v\u1ea5n ho\u1eb7c \u0111\u1eb7t h\u00e0ng.<\/p>\n<\/li>\n<li data-start=\"2346\" data-end=\"2440\">\n<p data-start=\"2348\" data-end=\"2440\"><strong data-start=\"2348\" data-end=\"2414\">Ki\u1ec3m tra k\u1ef9 th\u00f4ng tin s\u1ea3n ph\u1ea9m, gi\u00e1 b\u00e1n v\u00e0 \u0111i\u1ec1u ki\u1ec7n giao h\u00e0ng<\/strong> tr\u01b0\u1edbc khi x\u00e1c nh\u1eadn mua.<\/p>\n<\/li>\n<li data-start=\"2441\" data-end=\"2511\">\n<p data-start=\"2443\" data-end=\"2511\"><strong data-start=\"2443\" data-end=\"2478\">Thanh to\u00e1n \u0111\u00fang theo th\u1ecfa thu\u1eadn<\/strong> \u0111\u00e3 \u0111\u01b0\u1ee3c th\u00f4ng b\u00e1o ho\u1eb7c k\u00fd k\u1ebft.<\/p>\n<\/li>\n<li data-start=\"2512\" data-end=\"2609\">\n<p data-start=\"2514\" data-end=\"2609\">T\u00f4n tr\u1ecdng c\u00e1c quy \u0111\u1ecbnh, ch\u00ednh s\u00e1ch v\u00e0 \u0111i\u1ec1u kho\u1ea3n c\u1ee7a Ph\u01b0\u01a1ng Nguy\u00ean trong qu\u00e1 tr\u00ecnh giao d\u1ecbch.<\/p>\n<\/li>\n<\/ul>\n<h3 data-start=\"2616\" data-end=\"2662\">5. Cam k\u1ebft b\u1ea3o v\u1ec7 quy\u1ec1n l\u1ee3i kh\u00e1ch h\u00e0ng<\/h3>\n<p data-start=\"2664\" data-end=\"2758\">Ph\u01b0\u01a1ng Nguy\u00ean lu\u00f4n \u0111\u1eb7t uy t\u00edn v\u00e0 quy\u1ec1n l\u1ee3i c\u1ee7a kh\u00e1ch h\u00e0ng l\u00ean h\u00e0ng \u0111\u1ea7u.<br data-start=\"2735\" data-end=\"2738\" \/>We are committed to:<\/p>\n<ul data-start=\"2759\" data-end=\"2994\">\n<li data-start=\"2759\" data-end=\"2825\">\n<p data-start=\"2761\" data-end=\"2825\">Cung c\u1ea5p s\u1ea3n ph\u1ea9m c\u00e0 ph\u00ea <strong data-start=\"2786\" data-end=\"2822\">ch\u00ednh h\u00e3ng, \u0111\u1ea1t chu\u1ea9n ch\u1ea5t l\u01b0\u1ee3ng<\/strong>.<\/p>\n<\/li>\n<li data-start=\"2826\" data-end=\"2917\">\n<p data-start=\"2828\" data-end=\"2917\">B\u1ea3o m\u1eadt tuy\u1ec7t \u0111\u1ed1i th\u00f4ng tin c\u00e1 nh\u00e2n kh\u00e1ch h\u00e0ng theo <strong data-start=\"2880\" data-end=\"2914\">Ch\u00ednh s\u00e1ch b\u1ea3o m\u1eadt c\u1ee7a c\u00f4ng ty<\/strong>.<\/p>\n<\/li>\n<li data-start=\"2918\" data-end=\"2994\">\n<p data-start=\"2920\" data-end=\"2994\">H\u1ed7 tr\u1ee3, gi\u1ea3i \u0111\u00e1p m\u1ecdi th\u1eafc m\u1eafc v\u00e0 x\u1eed l\u00fd khi\u1ebfu n\u1ea1i nhanh ch\u00f3ng, minh b\u1ea1ch.<\/p>\n<\/li>\n<\/ul>\n<h3 data-start=\"3001\" data-end=\"3029\">6. Th\u00f4ng tin li\u00ean h\u1ec7<\/h3>\n<p data-start=\"3031\" data-end=\"3552\"><strong data-start=\"3031\" data-end=\"3073\">CO., LTD. BUSINESS COFFEE PHUONG NGUYEN<\/strong><br data-start=\"3073\" data-end=\"3076\" \/>\ud83d\udccd <strong data-start=\"3079\" data-end=\"3096\">Headquarters:<\/strong> Lot 07 Zone A2, Nguyen Sinh Sac street, Hoa Khanh, ho chi minh CITY. Da Nang<br data-start=\"3152\" data-end=\"3155\" \/>\ud83c\udfed <strong data-start=\"3158\" data-end=\"3170\">Factory:<\/strong> K02B\/33 Bau Trang 7, Ward, Thanh Khe DIST., Da Nang<br data-start=\"3217\" data-end=\"3220\" \/>\ud83c\udfea <strong data-start=\"3223\" data-end=\"3244\">Showroom Con:<\/strong> Ki\u1ed1t 89, Ng\u00e3 t\u01b0 \u00d4ng \u00cdch Khi\u00eam \u2013 H\u00f9ng V\u01b0\u01a1ng<br data-start=\"3287\" data-end=\"3290\" \/>\ud83c\udfea <strong data-start=\"3293\" data-end=\"3314\">Chi nh\u00e1nh H\u1ed9i An:<\/strong> 69 Ton Duc Thang, DIST. Hoi An<br data-start=\"3343\" data-end=\"3346\" \/>\ud83c\udfea <strong data-start=\"3349\" data-end=\"3367\">Chi nh\u00e1nh HCM:<\/strong> 108 K\u00eanh T\u00e2n H\u00f3a, Q. T\u00e2n Ph\u00fa, TP. H\u1ed3 Ch\u00ed Minh<br data-start=\"3413\" data-end=\"3416\" \/>\ud83d\udce7 <strong data-start=\"3419\" data-end=\"3429\">Email:<\/strong> <a class=\"decorated-link cursor-pointer\" rel=\"noopener\" data-start=\"3430\" data-end=\"3450\">info@phuongnguyen.vn<\/a><br data-start=\"3450\" data-end=\"3453\" \/>\ud83d\udcde <strong data-start=\"3456\" data-end=\"3468\">Hotline:<\/strong> 02363 764 369 \u2013 02363 764 367<br data-start=\"3498\" data-end=\"3501\" \/>\ud83e\uddfe <strong data-start=\"3504\" data-end=\"3519\">M\u00e3 s\u1ed1 thu\u1ebf:<\/strong> 0401613772 (Issued on 02\/02\/2002)<\/p>","protected":false},"excerpt":{"rendered":"<p>K\u00ednh ch\u00e0o Qu\u00fd kh\u00e1ch!Xin vui l\u00f2ng \u0111\u1ecdc k\u1ef9 v\u00e0 \u0111\u1ed3ng \u00fd v\u1edbi c\u00e1c \u0111i\u1ec1u kho\u1ea3n d\u01b0\u1edbi \u0111\u00e2y tr\u01b0\u1edbc khi truy c\u1eadp, tham kh\u1ea3o th\u00f4ng tin, y\u00eau c\u1ea7u t\u01b0 v\u1ea5n ho\u1eb7c li\u00ean h\u1ec7 mua h\u00e0ng tr\u00ean website phuongnguyen.vn.B\u1eb1ng vi\u1ec7c s\u1eed d\u1ee5ng website, Qu\u00fd kh\u00e1ch \u0111\u01b0\u1ee3c xem nh\u01b0 \u0111\u00e3 hi\u1ec3u r\u00f5 v\u00e0 ch\u1ea5p nh\u1eadn to\u00e0n b\u1ed9 c\u00e1c [&#8230;]\n","protected":false},"author":1,"featured_media":0,"parent":0,"menu_order":0,"comment_status":"closed","ping_status":"closed","template":"","meta":{"_acf_changed":false,"footnotes":""},"class_list":["post-4956","page","type-page","status-publish","hentry"],"acf":[],"_links":{"self":[{"href":"https:\/\/huongphung.sagomedia.vn\/en\/wp-json\/wp\/v2\/pages\/4956","targetHints":{"allow":["GET"]}}],"collection":[{"href":"https:\/\/huongphung.sagomedia.vn\/en\/wp-json\/wp\/v2\/pages"}],"about":[{"href":"https:\/\/huongphung.sagomedia.vn\/en\/wp-json\/wp\/v2\/types\/page"}],"author":[{"embeddable":true,"href":"https:\/\/huongphung.sagomedia.vn\/en\/wp-json\/wp\/v2\/users\/1"}],"replies":[{"embeddable":true,"href":"https:\/\/huongphung.sagomedia.vn\/en\/wp-json\/wp\/v2\/comments?post=4956"}],"version-history":[{"count":2,"href":"https:\/\/huongphung.sagomedia.vn\/en\/wp-json\/wp\/v2\/pages\/4956\/revisions"}],"predecessor-version":[{"id":8353,"href":"https:\/\/huongphung.sagomedia.vn\/en\/wp-json\/wp\/v2\/pages\/4956\/revisions\/8353"}],"wp:attachment":[{"href":"https:\/\/huongphung.sagomedia.vn\/en\/wp-json\/wp\/v2\/media?parent=4956"}],"curies":[{"name":"wp","href":"https:\/\/api.w.org\/{rel}","templated":true}]}}