{"id":3,"date":"2025-08-15T09:13:02","date_gmt":"2025-08-15T09:13:02","guid":{"rendered":"https:\/\/hydramax.sagomedia.vn\/?page_id=3"},"modified":"2025-10-22T16:15:39","modified_gmt":"2025-10-22T09:15:39","slug":"chinh-sach-bao-mat","status":"publish","type":"page","link":"https:\/\/huongphung.sagomedia.vn\/en\/chinh-sach-bao-mat\/","title":{"rendered":"Privacy policy"},"content":{"rendered":"<p data-start=\"288\" data-end=\"549\"><strong data-start=\"288\" data-end=\"330\">CO., LTD. BUSINESS COFFEE PHUONG NGUYEN<\/strong> committed to protect the personal information of our customers. This policy specifies how we collect, use and protect the data in the transaction process, purchasing, and contact on the website <strong data-start=\"529\" data-end=\"548\">phuongnguyen.vn<\/strong>.<\/p>\n<h3 data-start=\"556\" data-end=\"594\">1. Purpose of collecting information<\/h3>\n<p data-start=\"596\" data-end=\"643\">We collect customer information to:<\/p>\n<ul data-start=\"644\" data-end=\"883\">\n<li data-start=\"644\" data-end=\"711\">\n<p data-start=\"646\" data-end=\"711\">Support, advice, care and deliver products and best service.<\/p>\n<\/li>\n<li data-start=\"712\" data-end=\"777\">\n<p data-start=\"714\" data-end=\"777\">Delivery, invoice and implementation of the related transactions.<\/p>\n<\/li>\n<li data-start=\"778\" data-end=\"883\">\n<p data-start=\"780\" data-end=\"883\">Send information, promotions, deals, or notifications about new products (when the consent of the customer).<\/p>\n<\/li>\n<\/ul>\n<h3 data-start=\"890\" data-end=\"927\">2. The scope of collected information<\/h3>\n<p data-start=\"929\" data-end=\"974\">The information may be collected include:<\/p>\n<ul data-start=\"975\" data-end=\"1115\">\n<li data-start=\"975\" data-end=\"1027\">\n<p data-start=\"977\" data-end=\"1027\">Name, phone number, email, address of delivery.<\/p>\n<\/li>\n<li data-start=\"1028\" data-end=\"1062\">\n<p data-start=\"1030\" data-end=\"1062\">Payment information (if any).<\/p>\n<\/li>\n<li data-start=\"1063\" data-end=\"1115\">\n<p data-start=\"1065\" data-end=\"1115\">Content feedback, request support from our customers.<\/p>\n<\/li>\n<\/ul>\n<h3 data-start=\"1122\" data-end=\"1158\">3. Scope of use information<\/h3>\n<p data-start=\"1160\" data-end=\"1270\">Customer information <strong data-start=\"1181\" data-end=\"1222\">only used in internal company<\/strong> and <strong data-start=\"1226\" data-end=\"1258\">no share for Tuesday<\/strong>unless:<\/p>\n<ul data-start=\"1271\" data-end=\"1363\">\n<li data-start=\"1271\" data-end=\"1307\">\n<p data-start=\"1273\" data-end=\"1307\">There is a request from law enforcement agencies.<\/p>\n<\/li>\n<li data-start=\"1308\" data-end=\"1363\">\n<p data-start=\"1310\" data-end=\"1363\">Necessary for delivery through the transport unit.<\/p>\n<\/li>\n<\/ul>\n<h3 data-start=\"1370\" data-end=\"1408\">4. Storage time information<\/h3>\n<p data-start=\"1410\" data-end=\"1519\">Personal information is stored in the system <strong data-start=\"1456\" data-end=\"1472\">maximum 5 years<\/strong>or until the customer requests to remove.<\/p>\n<h3 data-start=\"1526\" data-end=\"1562\">5. Security of personal information<\/h3>\n<p data-start=\"1564\" data-end=\"1649\">Phuong Nguyen apply the security measures to protect customer data:<\/p>\n<ul data-start=\"1650\" data-end=\"1797\">\n<li data-start=\"1650\" data-end=\"1698\">\n<p data-start=\"1652\" data-end=\"1698\">Encoding of information in the transmission process.<\/p>\n<\/li>\n<li data-start=\"1699\" data-end=\"1734\">\n<p data-start=\"1701\" data-end=\"1734\">Limit access to internal.<\/p>\n<\/li>\n<li data-start=\"1735\" data-end=\"1797\">\n<p data-start=\"1737\" data-end=\"1797\">Do not store your payment information sensitive on the system.<\/p>\n<\/li>\n<\/ul>\n<h3 data-start=\"1804\" data-end=\"1835\">6. Rights of customer<\/h3>\n<p data-start=\"1837\" data-end=\"1859\">Customers have the right to:<\/p>\n<ul data-start=\"1860\" data-end=\"1987\">\n<li data-start=\"1860\" data-end=\"1922\">\n<p data-start=\"1862\" data-end=\"1922\">Requires check out, edit, or delete your personal information.<\/p>\n<\/li>\n<li data-start=\"1923\" data-end=\"1987\">\n<p data-start=\"1925\" data-end=\"1987\">To refuse to receive advertising information or requests to stop contact.<\/p>\n<\/li>\n<\/ul>\n<p data-start=\"1989\" data-end=\"2113\">Any request please contact via:<br data-start=\"2026\" data-end=\"2029\" \/>\ud83d\udce7 <strong data-start=\"2032\" data-end=\"2042\">Email:<\/strong> <a class=\"decorated-link cursor-pointer\" rel=\"noopener\" data-start=\"2043\" data-end=\"2063\">info@phuongnguyen.vn<\/a><br data-start=\"2063\" data-end=\"2066\" \/>\ud83d\udcde <strong data-start=\"2069\" data-end=\"2081\">Hotline:<\/strong> 02363 764 369 \u2013 02363 764 367<\/p>\n<h3 data-start=\"2120\" data-end=\"2161\">7. Business information management<\/h3>\n<p data-start=\"2163\" data-end=\"2433\"><strong data-start=\"2163\" data-end=\"2205\">CO., LTD. BUSINESS COFFEE PHUONG NGUYEN<\/strong><br data-start=\"2205\" data-end=\"2208\" \/>\ud83d\udccd <strong data-start=\"2211\" data-end=\"2228\">Headquarters:<\/strong> Lot 07 Zone A2, Nguyen Sinh Sac street, Hoa Khanh, ho chi minh CITY. Da Nang<br data-start=\"2284\" data-end=\"2287\" \/>\ud83c\udfed <strong data-start=\"2290\" data-end=\"2302\">Factory:<\/strong> K02B\/33 Bau Trang 7, Ward, Thanh Khe DIST., Da Nang<br data-start=\"2349\" data-end=\"2352\" \/>\ud83d\udce7 <strong data-start=\"2355\" data-end=\"2365\">Email:<\/strong> <a class=\"decorated-link cursor-pointer\" rel=\"noopener\" data-start=\"2366\" data-end=\"2386\">info@phuongnguyen.vn<\/a><br data-start=\"2386\" data-end=\"2389\" \/>\ud83e\uddfe <strong data-start=\"2392\" data-end=\"2400\">MST:<\/strong> 0401613772 (Issued on 02\/02\/2002)<\/p>","protected":false},"excerpt":{"rendered":"<p>C\u00d4NG TY TNHH SXKD C\u00c0 PH\u00ca PH\u01af\u01a0NG NGUY\u00caN cam k\u1ebft b\u1ea3o v\u1ec7 tuy\u1ec7t \u0111\u1ed1i th\u00f4ng tin c\u00e1 nh\u00e2n c\u1ee7a Qu\u00fd kh\u00e1ch h\u00e0ng. Ch\u00ednh s\u00e1ch n\u00e0y quy \u0111\u1ecbnh c\u00e1ch ch\u00fang t\u00f4i thu th\u1eadp, s\u1eed d\u1ee5ng v\u00e0 b\u1ea3o v\u1ec7 d\u1eef li\u1ec7u trong qu\u00e1 tr\u00ecnh giao d\u1ecbch, mua h\u00e0ng v\u00e0 li\u00ean h\u1ec7 tr\u00ean website phuongnguyen.vn. 1. M\u1ee5c \u0111\u00edch [&#8230;]\n","protected":false},"author":1,"featured_media":0,"parent":0,"menu_order":0,"comment_status":"closed","ping_status":"open","template":"","meta":{"_acf_changed":false,"footnotes":""},"class_list":["post-3","page","type-page","status-publish","hentry"],"acf":[],"_links":{"self":[{"href":"https:\/\/huongphung.sagomedia.vn\/en\/wp-json\/wp\/v2\/pages\/3","targetHints":{"allow":["GET"]}}],"collection":[{"href":"https:\/\/huongphung.sagomedia.vn\/en\/wp-json\/wp\/v2\/pages"}],"about":[{"href":"https:\/\/huongphung.sagomedia.vn\/en\/wp-json\/wp\/v2\/types\/page"}],"author":[{"embeddable":true,"href":"https:\/\/huongphung.sagomedia.vn\/en\/wp-json\/wp\/v2\/users\/1"}],"replies":[{"embeddable":true,"href":"https:\/\/huongphung.sagomedia.vn\/en\/wp-json\/wp\/v2\/comments?post=3"}],"version-history":[{"count":2,"href":"https:\/\/huongphung.sagomedia.vn\/en\/wp-json\/wp\/v2\/pages\/3\/revisions"}],"predecessor-version":[{"id":8352,"href":"https:\/\/huongphung.sagomedia.vn\/en\/wp-json\/wp\/v2\/pages\/3\/revisions\/8352"}],"wp:attachment":[{"href":"https:\/\/huongphung.sagomedia.vn\/en\/wp-json\/wp\/v2\/media?parent=3"}],"curies":[{"name":"wp","href":"https:\/\/api.w.org\/{rel}","templated":true}]}}