{"id":2562,"date":"2024-02-24T15:12:02","date_gmt":"2024-02-24T08:12:02","guid":{"rendered":"https:\/\/nguyengiaplastic.com\/?page_id=2562"},"modified":"2025-10-22T16:13:50","modified_gmt":"2025-10-22T09:13:50","slug":"chinh-sach-bao-hanh-doi-tra","status":"publish","type":"page","link":"https:\/\/huongphung.sagomedia.vn\/en\/chinh-sach-bao-hanh-doi-tra\/","title":{"rendered":"Warranty policy, return"},"content":{"rendered":"<p data-start=\"426\" data-end=\"653\">Nh\u1eb1m \u0111\u1ea3m b\u1ea3o quy\u1ec1n l\u1ee3i v\u00e0 s\u1ef1 h\u00e0i l\u00f2ng cao nh\u1ea5t cho kh\u00e1ch h\u00e0ng, <strong data-start=\"489\" data-end=\"524\">C\u00d4NG TY TNHH SXKD PH\u01af\u01a0NG NGUY\u00caN<\/strong> cam k\u1ebft \u00e1p d\u1ee5ng <strong data-start=\"541\" data-end=\"593\">ch\u00ednh s\u00e1ch \u0111\u1ed5i \u2013 tr\u1ea3 h\u00e0ng linh ho\u1ea1t v\u00e0 minh b\u1ea1ch<\/strong> cho t\u1ea5t c\u1ea3 s\u1ea3n ph\u1ea9m c\u00e0 ph\u00ea, tr\u00e0 g\u1eebng v\u00e0 ph\u1ee5 ki\u1ec7n li\u00ean quan.<\/p>\n<h3 data-start=\"660\" data-end=\"697\">1. \u0110i\u1ec1u ki\u1ec7n \u0111\u1ed5i \u2013 tr\u1ea3 h\u00e0ng<\/h3>\n<p data-start=\"699\" data-end=\"771\">Qu\u00fd kh\u00e1ch c\u00f3 th\u1ec3 y\u00eau c\u1ea7u \u0111\u1ed5i ho\u1eb7c tr\u1ea3 s\u1ea3n ph\u1ea9m trong c\u00e1c tr\u01b0\u1eddng h\u1ee3p sau:<\/p>\n<ul data-start=\"773\" data-end=\"1038\">\n<li data-start=\"773\" data-end=\"867\">\n<p data-start=\"775\" data-end=\"867\">Product <strong data-start=\"784\" data-end=\"837\">b\u1ecb l\u1ed7i k\u1ef9 thu\u1eadt, h\u01b0 h\u1ecfng, \u0111\u1ed5 v\u1ee1 ho\u1eb7c sai quy c\u00e1ch<\/strong> trong qu\u00e1 tr\u00ecnh v\u1eadn chuy\u1ec3n.<\/p>\n<\/li>\n<li data-start=\"868\" data-end=\"952\">\n<p data-start=\"870\" data-end=\"952\">S\u1ea3n ph\u1ea9m giao <strong data-start=\"884\" data-end=\"934\">kh\u00f4ng \u0111\u00fang ch\u1ee7ng lo\u1ea1i, kh\u1ed1i l\u01b0\u1ee3ng ho\u1eb7c m\u00e3 h\u00e0ng<\/strong> so v\u1edbi \u0111\u01a1n \u0111\u1eb7t.<\/p>\n<\/li>\n<li data-start=\"953\" data-end=\"1038\">\n<p data-start=\"955\" data-end=\"1038\">Bao b\u00ec c\u00f2n nguy\u00ean v\u1eb9n, <strong data-start=\"978\" data-end=\"998\">ch\u01b0a qua s\u1eed d\u1ee5ng<\/strong>, v\u00e0 c\u00f3 <strong data-start=\"1006\" data-end=\"1026\">h\u00f3a \u0111\u01a1n mua h\u00e0ng<\/strong> k\u00e8m theo.<\/p>\n<\/li>\n<\/ul>\n<p data-start=\"1040\" data-end=\"1110\">\u23f0 <strong data-start=\"1042\" data-end=\"1065\">Th\u1eddi h\u1ea1n \u0111\u1ed5i \u2013 tr\u1ea3:<\/strong> trong v\u00f2ng <strong data-start=\"1077\" data-end=\"1088\">07 ng\u00e0y<\/strong> k\u1ec3 t\u1eeb ng\u00e0y nh\u1eadn h\u00e0ng.<\/p>\n<h3 data-start=\"1117\" data-end=\"1150\">2. Quy tr\u00ecnh \u0111\u1ed5i \u2013 tr\u1ea3<\/h3>\n<ol data-start=\"1152\" data-end=\"1466\">\n<li data-start=\"1152\" data-end=\"1273\">\n<p data-start=\"1155\" data-end=\"1273\">Contact <strong data-start=\"1017\" data-end=\"1047\">T\u1ed5ng \u0111\u00e0i: 02363 764369 \u2013 02363 764 367 ho\u1eb7c\u00a0 Zalo: 0905 14 34 14<\/strong> ho\u1eb7c email <strong data-start=\"1306\" data-end=\"1338\">info@phuongnguyen.vn<\/strong>\u00a0\u0111\u1ec3 th\u00f4ng b\u00e1o t\u00ecnh tr\u1ea1ng h\u00e0ng h\u00f3a.<\/p>\n<\/li>\n<li data-start=\"1274\" data-end=\"1363\">\n<p data-start=\"1277\" data-end=\"1363\">G\u1eedi k\u00e8m h\u00ecnh \u1ea3nh s\u1ea3n ph\u1ea9m l\u1ed7i ho\u1eb7c sai l\u1ec7ch \u0111\u1ec3 b\u1ed9 ph\u1eadn ch\u0103m s\u00f3c kh\u00e1ch h\u00e0ng x\u00e1c nh\u1eadn.<\/p>\n<\/li>\n<li data-start=\"1364\" data-end=\"1466\">\n<p data-start=\"1367\" data-end=\"1466\">Sau khi x\u00e1c minh, Ph\u01b0\u01a1ng Nguy\u00ean s\u1ebd <strong data-start=\"1402\" data-end=\"1438\">g\u1eedi h\u00e0ng thay th\u1ebf ho\u1eb7c ho\u00e0n ti\u1ec1n<\/strong> (n\u1ebfu c\u00f3) theo th\u1ecfa thu\u1eadn.<\/p>\n<\/li>\n<\/ol>\n<p data-start=\"1468\" data-end=\"1573\">Ph\u00ed v\u1eadn chuy\u1ec3n \u0111\u1ed5i tr\u1ea3 s\u1ebd \u0111\u01b0\u1ee3c <strong data-start=\"1499\" data-end=\"1534\">Ph\u01b0\u01a1ng Nguy\u00ean chi tr\u1ea3 ho\u00e0n to\u00e0n<\/strong> n\u1ebfu l\u1ed7i do s\u1ea3n xu\u1ea5t ho\u1eb7c v\u1eadn chuy\u1ec3n.<\/p>\n<h3 data-start=\"1580\" data-end=\"1618\">3. Cam k\u1ebft t\u1eeb Ph\u01b0\u01a1ng Nguy\u00ean<\/h3>\n<p data-start=\"1620\" data-end=\"1831\">Ch\u00fang t\u00f4i lu\u00f4n \u0111\u1ec1 cao <strong data-start=\"1642\" data-end=\"1679\">trung th\u1ef1c \u2013 chu \u0111\u00e1o \u2013 ch\u1ea5t l\u01b0\u1ee3ng<\/strong> trong m\u1ecdi giao d\u1ecbch.<br data-start=\"1700\" data-end=\"1703\" \/>M\u1ed7i s\u1ea3n ph\u1ea9m c\u00e0 ph\u00ea Ph\u01b0\u01a1ng Nguy\u00ean \u0111\u1ec1u \u0111\u01b0\u1ee3c <strong data-start=\"1746\" data-end=\"1768\">ki\u1ec3m \u0111\u1ecbnh k\u1ef9 l\u01b0\u1ee1ng<\/strong>, \u0111\u1ea3m b\u1ea3o khi \u0111\u1ebfn tay kh\u00e1ch h\u00e0ng l\u00e0 <strong data-start=\"1804\" data-end=\"1830\">s\u1ea3n ph\u1ea9m ho\u00e0n h\u1ea3o nh\u1ea5t<\/strong>.<\/p>","protected":false},"excerpt":{"rendered":"<p>Nh\u1eb1m \u0111\u1ea3m b\u1ea3o quy\u1ec1n l\u1ee3i v\u00e0 s\u1ef1 h\u00e0i l\u00f2ng cao nh\u1ea5t cho kh\u00e1ch h\u00e0ng, C\u00d4NG TY TNHH SXKD PH\u01af\u01a0NG NGUY\u00caN cam k\u1ebft \u00e1p d\u1ee5ng ch\u00ednh s\u00e1ch \u0111\u1ed5i \u2013 tr\u1ea3 h\u00e0ng linh ho\u1ea1t v\u00e0 minh b\u1ea1ch cho t\u1ea5t c\u1ea3 s\u1ea3n ph\u1ea9m c\u00e0 ph\u00ea, tr\u00e0 g\u1eebng v\u00e0 ph\u1ee5 ki\u1ec7n li\u00ean quan. 1. \u0110i\u1ec1u ki\u1ec7n \u0111\u1ed5i \u2013 tr\u1ea3 [&#8230;]\n","protected":false},"author":1,"featured_media":0,"parent":0,"menu_order":0,"comment_status":"closed","ping_status":"closed","template":"","meta":{"_acf_changed":false,"footnotes":""},"class_list":["post-2562","page","type-page","status-publish","hentry"],"acf":[],"_links":{"self":[{"href":"https:\/\/huongphung.sagomedia.vn\/en\/wp-json\/wp\/v2\/pages\/2562","targetHints":{"allow":["GET"]}}],"collection":[{"href":"https:\/\/huongphung.sagomedia.vn\/en\/wp-json\/wp\/v2\/pages"}],"about":[{"href":"https:\/\/huongphung.sagomedia.vn\/en\/wp-json\/wp\/v2\/types\/page"}],"author":[{"embeddable":true,"href":"https:\/\/huongphung.sagomedia.vn\/en\/wp-json\/wp\/v2\/users\/1"}],"replies":[{"embeddable":true,"href":"https:\/\/huongphung.sagomedia.vn\/en\/wp-json\/wp\/v2\/comments?post=2562"}],"version-history":[{"count":4,"href":"https:\/\/huongphung.sagomedia.vn\/en\/wp-json\/wp\/v2\/pages\/2562\/revisions"}],"predecessor-version":[{"id":8350,"href":"https:\/\/huongphung.sagomedia.vn\/en\/wp-json\/wp\/v2\/pages\/2562\/revisions\/8350"}],"wp:attachment":[{"href":"https:\/\/huongphung.sagomedia.vn\/en\/wp-json\/wp\/v2\/media?parent=2562"}],"curies":[{"name":"wp","href":"https:\/\/api.w.org\/{rel}","templated":true}]}}